{"id":106,"date":"2015-08-26T13:06:30","date_gmt":"2015-08-26T13:06:30","guid":{"rendered":"http:\/\/jugotranslate.si\/?page_id=106"},"modified":"2019-11-11T10:24:09","modified_gmt":"2019-11-11T10:24:09","slug":"prevajanje-hrvascine-srbscine","status":"publish","type":"page","link":"https:\/\/yugotranslate.si\/en\/prevajanje\/prevajanje-hrvascine-srbscine\/","title":{"rendered":"Yugoslavian languages"},"content":{"rendered":"<p>YugoTranslate specializes in languages pairs of different world and <strong>Yugoslavian languages<\/strong>, for which we provide <strong>high-quality translation services at a flat rate of \u20ac15 per page<\/strong>: Serbian, Croatian, Slovene, Bosnian, Montenegrin and Macedonian.<\/p>\n<p>&nbsp;<\/p>\n","protected":false},"excerpt":{"rendered":"<p>YugoTranslate specializes in languages pairs of different world and Yugoslavian languages, for which we provide high-quality translation services at a flat rate of \u20ac15 per page: Serbian, Croatian, Slovene, Bosnian, Montenegrin and Macedonian. &nbsp;<\/p>\n","protected":false},"author":2,"featured_media":0,"parent":9,"menu_order":0,"comment_status":"closed","ping_status":"closed","template":"","meta":{"_exactmetrics_skip_tracking":false,"_exactmetrics_sitenote_active":false,"_exactmetrics_sitenote_note":"","_exactmetrics_sitenote_category":0,"footnotes":""},"class_list":["post-106","page","type-page","status-publish","hentry"],"translation":{"provider":"WPGlobus","version":"3.0.2","language":"en","enabled_languages":["sl","en","yu"],"languages":{"sl":{"title":true,"content":true,"excerpt":false},"en":{"title":true,"content":true,"excerpt":false},"yu":{"title":false,"content":false,"excerpt":false}}},"yoast_head":"<!-- This site is optimized with the Yoast SEO plugin v27.0 - https:\/\/yoast.com\/product\/yoast-seo-wordpress\/ -->\n<title>Prevajanje hrva\u0161\u010dine, srb\u0161\u010dine ... Ugodni prevodi YU jezikov!<\/title>\n<meta name=\"robots\" content=\"index, follow, max-snippet:-1, max-image-preview:large, max-video-preview:-1\" \/>\n<link rel=\"canonical\" href=\"https:\/\/yugotranslate.si\/prevajanje\/prevajanje-hrvascine-srbscine\/\" \/>\n<meta property=\"og:locale\" content=\"en_US\" \/>\n<meta property=\"og:type\" content=\"article\" \/>\n<meta property=\"og:title\" content=\"Yugoslavian languages - YugoTranslate Institute\" \/>\n<meta property=\"og:url\" content=\"https:\/\/yugotranslate.si\/prevajanje\/prevajanje-hrvascine-srbscine\/\" \/>\n<meta property=\"og:site_name\" content=\"YugoTranslate Institute\" \/>\n<meta property=\"article:modified_time\" content=\"2019-11-11T10:24:09+00:00\" \/>\n<meta property=\"og:image\" content=\"http:\/\/yugotranslate.si\/wp-content\/uploads\/2015\/08\/dijalekti.jpg\" \/>\n<meta name=\"twitter:card\" content=\"summary_large_image\" \/>\n<meta name=\"twitter:label1\" content=\"Est. reading time\" \/>\n\t<meta name=\"twitter:data1\" content=\"2 minutes\" \/>\n<script type=\"application\/ld+json\" class=\"yoast-schema-graph\">{\"@context\":\"https:\/\/schema.org\",\"@graph\":[{\"@type\":\"WebPage\",\"@id\":\"https:\/\/yugotranslate.si\/prevajanje\/prevajanje-hrvascine-srbscine\/\",\"url\":\"https:\/\/yugotranslate.si\/prevajanje\/prevajanje-hrvascine-srbscine\/\",\"name\":\"Prevajanje hrva\u0161\u010dine, srb\u0161\u010dine ... Ugodni prevodi YU jezikov!\",\"isPartOf\":{\"@id\":\"https:\/\/yugotranslate.si\/#website\"},\"primaryImageOfPage\":{\"@id\":\"https:\/\/yugotranslate.si\/prevajanje\/prevajanje-hrvascine-srbscine\/#primaryimage\"},\"image\":{\"@id\":\"https:\/\/yugotranslate.si\/prevajanje\/prevajanje-hrvascine-srbscine\/#primaryimage\"},\"thumbnailUrl\":\"http:\/\/yugotranslate.si\/wp-content\/uploads\/2015\/08\/dijalekti.jpg\",\"datePublished\":\"2015-08-26T13:06:30+00:00\",\"dateModified\":\"2019-11-11T10:24:09+00:00\",\"description\":\"Visokokakovostni prevodi jugoslovanskih jezikov \u017ee od 10 EUR naprej: prevajanje hrva\u0161\u010dine, srb\u0161\u010dine, bosan\u0161\u010dine, \u010drnogor\u0161\u010dine, makedon\u0161\u010dine, alban\u0161\u010dine...\u00a0\",\"breadcrumb\":{\"@id\":\"https:\/\/yugotranslate.si\/prevajanje\/prevajanje-hrvascine-srbscine\/#breadcrumb\"},\"inLanguage\":\"en-US\",\"potentialAction\":[{\"@type\":\"ReadAction\",\"target\":[\"https:\/\/yugotranslate.si\/prevajanje\/prevajanje-hrvascine-srbscine\/\"]}]},{\"@type\":\"ImageObject\",\"inLanguage\":\"en-US\",\"@id\":\"https:\/\/yugotranslate.si\/prevajanje\/prevajanje-hrvascine-srbscine\/#primaryimage\",\"url\":\"http:\/\/yugotranslate.si\/wp-content\/uploads\/2015\/08\/dijalekti.jpg\",\"contentUrl\":\"http:\/\/yugotranslate.si\/wp-content\/uploads\/2015\/08\/dijalekti.jpg\"},{\"@type\":\"BreadcrumbList\",\"@id\":\"https:\/\/yugotranslate.si\/prevajanje\/prevajanje-hrvascine-srbscine\/#breadcrumb\",\"itemListElement\":[{\"@type\":\"ListItem\",\"position\":1,\"name\":\"Home\",\"item\":\"https:\/\/yugotranslate.si\/\"},{\"@type\":\"ListItem\",\"position\":2,\"name\":\"Prevajanje\",\"item\":\"https:\/\/yugotranslate.si\/prevajanje\/\"},{\"@type\":\"ListItem\",\"position\":3,\"name\":\"Jugoslovanski jeziki &#8211; prevajanje, prilagajanje in lokalizacija\"}]},{\"@type\":\"WebSite\",\"@id\":\"https:\/\/yugotranslate.si\/#website\",\"url\":\"https:\/\/yugotranslate.si\/\",\"name\":\"YugoTranslate Institute\",\"description\":\"Fast, high-quality translations in over 30 languages\",\"potentialAction\":[{\"@type\":\"SearchAction\",\"target\":{\"@type\":\"EntryPoint\",\"urlTemplate\":\"https:\/\/yugotranslate.si\/?s={search_term_string}\"},\"query-input\":{\"@type\":\"PropertyValueSpecification\",\"valueRequired\":true,\"valueName\":\"search_term_string\"}}],\"inLanguage\":\"en-US\"}]}<\/script>\n<!-- \/ Yoast SEO plugin. -->","yoast_head_json":{"title":"Prevajanje hrva\u0161\u010dine, srb\u0161\u010dine ... Ugodni prevodi YU jezikov!","robots":{"index":"index","follow":"follow","max-snippet":"max-snippet:-1","max-image-preview":"max-image-preview:large","max-video-preview":"max-video-preview:-1"},"canonical":"https:\/\/yugotranslate.si\/prevajanje\/prevajanje-hrvascine-srbscine\/","og_locale":"en_US","og_type":"article","og_title":"Yugoslavian languages - YugoTranslate Institute","og_url":"https:\/\/yugotranslate.si\/prevajanje\/prevajanje-hrvascine-srbscine\/","og_site_name":"YugoTranslate Institute","article_modified_time":"2019-11-11T10:24:09+00:00","og_image":[{"url":"http:\/\/yugotranslate.si\/wp-content\/uploads\/2015\/08\/dijalekti.jpg","type":"","width":"","height":""}],"twitter_card":"summary_large_image","twitter_misc":{"Est. reading time":"2 minutes"},"schema":{"@context":"https:\/\/schema.org","@graph":[{"@type":"WebPage","@id":"https:\/\/yugotranslate.si\/prevajanje\/prevajanje-hrvascine-srbscine\/","url":"https:\/\/yugotranslate.si\/prevajanje\/prevajanje-hrvascine-srbscine\/","name":"Prevajanje hrva\u0161\u010dine, srb\u0161\u010dine ... Ugodni prevodi YU jezikov!","isPartOf":{"@id":"https:\/\/yugotranslate.si\/#website"},"primaryImageOfPage":{"@id":"https:\/\/yugotranslate.si\/prevajanje\/prevajanje-hrvascine-srbscine\/#primaryimage"},"image":{"@id":"https:\/\/yugotranslate.si\/prevajanje\/prevajanje-hrvascine-srbscine\/#primaryimage"},"thumbnailUrl":"http:\/\/yugotranslate.si\/wp-content\/uploads\/2015\/08\/dijalekti.jpg","datePublished":"2015-08-26T13:06:30+00:00","dateModified":"2019-11-11T10:24:09+00:00","description":"Visokokakovostni prevodi jugoslovanskih jezikov \u017ee od 10 EUR naprej: prevajanje hrva\u0161\u010dine, srb\u0161\u010dine, bosan\u0161\u010dine, \u010drnogor\u0161\u010dine, makedon\u0161\u010dine, alban\u0161\u010dine...\u00a0","breadcrumb":{"@id":"https:\/\/yugotranslate.si\/prevajanje\/prevajanje-hrvascine-srbscine\/#breadcrumb"},"inLanguage":"en-US","potentialAction":[{"@type":"ReadAction","target":["https:\/\/yugotranslate.si\/prevajanje\/prevajanje-hrvascine-srbscine\/"]}]},{"@type":"ImageObject","inLanguage":"en-US","@id":"https:\/\/yugotranslate.si\/prevajanje\/prevajanje-hrvascine-srbscine\/#primaryimage","url":"http:\/\/yugotranslate.si\/wp-content\/uploads\/2015\/08\/dijalekti.jpg","contentUrl":"http:\/\/yugotranslate.si\/wp-content\/uploads\/2015\/08\/dijalekti.jpg"},{"@type":"BreadcrumbList","@id":"https:\/\/yugotranslate.si\/prevajanje\/prevajanje-hrvascine-srbscine\/#breadcrumb","itemListElement":[{"@type":"ListItem","position":1,"name":"Home","item":"https:\/\/yugotranslate.si\/"},{"@type":"ListItem","position":2,"name":"Prevajanje","item":"https:\/\/yugotranslate.si\/prevajanje\/"},{"@type":"ListItem","position":3,"name":"Jugoslovanski jeziki &#8211; prevajanje, prilagajanje in lokalizacija"}]},{"@type":"WebSite","@id":"https:\/\/yugotranslate.si\/#website","url":"https:\/\/yugotranslate.si\/","name":"YugoTranslate Institute","description":"Fast, high-quality translations in over 30 languages","potentialAction":[{"@type":"SearchAction","target":{"@type":"EntryPoint","urlTemplate":"https:\/\/yugotranslate.si\/?s={search_term_string}"},"query-input":{"@type":"PropertyValueSpecification","valueRequired":true,"valueName":"search_term_string"}}],"inLanguage":"en-US"}]}},"_links":{"self":[{"href":"https:\/\/yugotranslate.si\/en\/wp-json\/wp\/v2\/pages\/106","targetHints":{"allow":["GET"]}}],"collection":[{"href":"https:\/\/yugotranslate.si\/en\/wp-json\/wp\/v2\/pages"}],"about":[{"href":"https:\/\/yugotranslate.si\/en\/wp-json\/wp\/v2\/types\/page"}],"author":[{"embeddable":true,"href":"https:\/\/yugotranslate.si\/en\/wp-json\/wp\/v2\/users\/2"}],"replies":[{"embeddable":true,"href":"https:\/\/yugotranslate.si\/en\/wp-json\/wp\/v2\/comments?post=106"}],"version-history":[{"count":113,"href":"https:\/\/yugotranslate.si\/en\/wp-json\/wp\/v2\/pages\/106\/revisions"}],"predecessor-version":[{"id":2500,"href":"https:\/\/yugotranslate.si\/en\/wp-json\/wp\/v2\/pages\/106\/revisions\/2500"}],"up":[{"embeddable":true,"href":"https:\/\/yugotranslate.si\/en\/wp-json\/wp\/v2\/pages\/9"}],"wp:attachment":[{"href":"https:\/\/yugotranslate.si\/en\/wp-json\/wp\/v2\/media?parent=106"}],"curies":[{"name":"wp","href":"https:\/\/api.w.org\/{rel}","templated":true}]}}