{"id":11,"date":"2015-08-26T10:48:44","date_gmt":"2015-08-26T10:48:44","guid":{"rendered":"http:\/\/jugotranslate.si\/?page_id=11"},"modified":"2022-05-17T11:45:50","modified_gmt":"2022-05-17T11:45:50","slug":"tolmacenje","status":"publish","type":"page","link":"https:\/\/yugotranslate.si\/en\/tolmacenje\/","title":{"rendered":"Interpreting"},"content":{"rendered":"<p>YugoTranslate\u2019s team of expert, experienced translators and certified interpreters provide reliable oral translations, that is, simultaneous and consecutive interpreting services.<\/p>\n<p><strong>SIMULTANEOUS INTERPRETATION<\/strong> is a form of oral translation where the translator sits in a sound-proof booth and translates the speaker\u2019s words to the target language as they are spoken. A simultaneous intepreter listens and translates utterances into a microphone for people listening through headphones.<\/p>\n<p>Simultaneous interpretation is most commonly used at meetings with a large number of guests, such as assemblies, conferences, seminars and lectures.<\/p>\n<p><strong>CONSECUTIVE INTERPRETATION<\/strong> is a form of oral translation where the translator uses notes to translate the speaker\u2019s words into the target language during pauses.<\/p>\n<p>Consecutive interpretation is most commonly used in contexts with a smaller number of people, such as business meetings, meetings with a notary or attorney, presentations and press conferences.<\/p>\n<p>* For simultaneous or consecutive interpretation in court or legal proceedings (court appearances, weddings, etc.), the translator must be a sworn certified interpreter appointed by the Ministry of Justice of the Republic of Slovenia.<\/p>\n","protected":false},"excerpt":{"rendered":"<p>YugoTranslate\u2019s team of expert, experienced translators and certified interpreters provide reliable oral translations, that is, simultaneous and consecutive interpreting services. SIMULTANEOUS INTERPRETATION is a form of oral translation where the translator sits in a sound-proof booth and translates the speaker\u2019s<span class=\"ellipsis\">&hellip;<\/span><\/p>\n<div class=\"read-more\"><a href=\"https:\/\/yugotranslate.si\/en\/tolmacenje\/\">Read more &#8250;<\/a><\/div>\n<p><!-- end of .read-more --><\/p>\n","protected":false},"author":2,"featured_media":0,"parent":0,"menu_order":0,"comment_status":"closed","ping_status":"closed","template":"","meta":{"_exactmetrics_skip_tracking":false,"_exactmetrics_sitenote_active":false,"_exactmetrics_sitenote_note":"","_exactmetrics_sitenote_category":0,"footnotes":""},"class_list":["post-11","page","type-page","status-publish","hentry"],"translation":{"provider":"WPGlobus","version":"3.0.2","language":"en","enabled_languages":["sl","en","yu"],"languages":{"sl":{"title":true,"content":true,"excerpt":false},"en":{"title":true,"content":true,"excerpt":false},"yu":{"title":false,"content":false,"excerpt":false}}},"yoast_head":"<!-- This site is optimized with the Yoast SEO plugin v27.0 - https:\/\/yoast.com\/product\/yoast-seo-wordpress\/ -->\n<title>Tolma\u010denje - simultanao in konsekutivno - YugoTranslate<\/title>\n<meta name=\"robots\" content=\"index, follow, max-snippet:-1, max-image-preview:large, max-video-preview:-1\" \/>\n<link rel=\"canonical\" href=\"https:\/\/yugotranslate.si\/tolmacenje\/\" \/>\n<meta property=\"og:locale\" content=\"en_US\" \/>\n<meta property=\"og:type\" content=\"article\" \/>\n<meta property=\"og:title\" content=\"Interpreting - YugoTranslate Institute\" \/>\n<meta property=\"og:url\" content=\"https:\/\/yugotranslate.si\/tolmacenje\/\" \/>\n<meta property=\"og:site_name\" content=\"YugoTranslate Institute\" \/>\n<meta property=\"article:modified_time\" content=\"2022-05-17T11:45:50+00:00\" \/>\n<meta property=\"og:image\" content=\"http:\/\/yugotranslate.si\/wp-content\/uploads\/2015\/08\/tolmacenje_slika.jpg\" \/>\n<meta name=\"twitter:card\" content=\"summary_large_image\" \/>\n<meta name=\"twitter:label1\" content=\"Est. reading time\" \/>\n\t<meta name=\"twitter:data1\" content=\"3 minutes\" \/>\n<script type=\"application\/ld+json\" class=\"yoast-schema-graph\">{\"@context\":\"https:\/\/schema.org\",\"@graph\":[{\"@type\":\"WebPage\",\"@id\":\"https:\/\/yugotranslate.si\/tolmacenje\/\",\"url\":\"https:\/\/yugotranslate.si\/tolmacenje\/\",\"name\":\"Tolma\u010denje - simultanao in konsekutivno - YugoTranslate\",\"isPartOf\":{\"@id\":\"https:\/\/yugotranslate.si\/#website\"},\"primaryImageOfPage\":{\"@id\":\"https:\/\/yugotranslate.si\/tolmacenje\/#primaryimage\"},\"image\":{\"@id\":\"https:\/\/yugotranslate.si\/tolmacenje\/#primaryimage\"},\"thumbnailUrl\":\"http:\/\/yugotranslate.si\/wp-content\/uploads\/2015\/08\/tolmacenje_slika.jpg\",\"datePublished\":\"2015-08-26T10:48:44+00:00\",\"dateModified\":\"2022-05-17T11:45:50+00:00\",\"description\":\"Zagotavljamo zanesljivo simultano in konsekutivno tolma\u010denje z izbrano ekipo strokovnih in izku\u0161enih prevajalcev in sodnih tolma\u010dev.\",\"breadcrumb\":{\"@id\":\"https:\/\/yugotranslate.si\/tolmacenje\/#breadcrumb\"},\"inLanguage\":\"en-US\",\"potentialAction\":[{\"@type\":\"ReadAction\",\"target\":[\"https:\/\/yugotranslate.si\/tolmacenje\/\"]}]},{\"@type\":\"ImageObject\",\"inLanguage\":\"en-US\",\"@id\":\"https:\/\/yugotranslate.si\/tolmacenje\/#primaryimage\",\"url\":\"http:\/\/yugotranslate.si\/wp-content\/uploads\/2015\/08\/tolmacenje_slika.jpg\",\"contentUrl\":\"http:\/\/yugotranslate.si\/wp-content\/uploads\/2015\/08\/tolmacenje_slika.jpg\"},{\"@type\":\"BreadcrumbList\",\"@id\":\"https:\/\/yugotranslate.si\/tolmacenje\/#breadcrumb\",\"itemListElement\":[{\"@type\":\"ListItem\",\"position\":1,\"name\":\"Home\",\"item\":\"https:\/\/yugotranslate.si\/\"},{\"@type\":\"ListItem\",\"position\":2,\"name\":\"Interpreting\"}]},{\"@type\":\"WebSite\",\"@id\":\"https:\/\/yugotranslate.si\/#website\",\"url\":\"https:\/\/yugotranslate.si\/\",\"name\":\"YugoTranslate Institute\",\"description\":\"Fast, high-quality translations in over 30 languages\",\"potentialAction\":[{\"@type\":\"SearchAction\",\"target\":{\"@type\":\"EntryPoint\",\"urlTemplate\":\"https:\/\/yugotranslate.si\/?s={search_term_string}\"},\"query-input\":{\"@type\":\"PropertyValueSpecification\",\"valueRequired\":true,\"valueName\":\"search_term_string\"}}],\"inLanguage\":\"en-US\"}]}<\/script>\n<!-- \/ Yoast SEO plugin. -->","yoast_head_json":{"title":"Tolma\u010denje - simultanao in konsekutivno - YugoTranslate","robots":{"index":"index","follow":"follow","max-snippet":"max-snippet:-1","max-image-preview":"max-image-preview:large","max-video-preview":"max-video-preview:-1"},"canonical":"https:\/\/yugotranslate.si\/tolmacenje\/","og_locale":"en_US","og_type":"article","og_title":"Interpreting - YugoTranslate Institute","og_url":"https:\/\/yugotranslate.si\/tolmacenje\/","og_site_name":"YugoTranslate Institute","article_modified_time":"2022-05-17T11:45:50+00:00","og_image":[{"url":"http:\/\/yugotranslate.si\/wp-content\/uploads\/2015\/08\/tolmacenje_slika.jpg","type":"","width":"","height":""}],"twitter_card":"summary_large_image","twitter_misc":{"Est. reading time":"3 minutes"},"schema":{"@context":"https:\/\/schema.org","@graph":[{"@type":"WebPage","@id":"https:\/\/yugotranslate.si\/tolmacenje\/","url":"https:\/\/yugotranslate.si\/tolmacenje\/","name":"Tolma\u010denje - simultanao in konsekutivno - YugoTranslate","isPartOf":{"@id":"https:\/\/yugotranslate.si\/#website"},"primaryImageOfPage":{"@id":"https:\/\/yugotranslate.si\/tolmacenje\/#primaryimage"},"image":{"@id":"https:\/\/yugotranslate.si\/tolmacenje\/#primaryimage"},"thumbnailUrl":"http:\/\/yugotranslate.si\/wp-content\/uploads\/2015\/08\/tolmacenje_slika.jpg","datePublished":"2015-08-26T10:48:44+00:00","dateModified":"2022-05-17T11:45:50+00:00","description":"Zagotavljamo zanesljivo simultano in konsekutivno tolma\u010denje z izbrano ekipo strokovnih in izku\u0161enih prevajalcev in sodnih tolma\u010dev.","breadcrumb":{"@id":"https:\/\/yugotranslate.si\/tolmacenje\/#breadcrumb"},"inLanguage":"en-US","potentialAction":[{"@type":"ReadAction","target":["https:\/\/yugotranslate.si\/tolmacenje\/"]}]},{"@type":"ImageObject","inLanguage":"en-US","@id":"https:\/\/yugotranslate.si\/tolmacenje\/#primaryimage","url":"http:\/\/yugotranslate.si\/wp-content\/uploads\/2015\/08\/tolmacenje_slika.jpg","contentUrl":"http:\/\/yugotranslate.si\/wp-content\/uploads\/2015\/08\/tolmacenje_slika.jpg"},{"@type":"BreadcrumbList","@id":"https:\/\/yugotranslate.si\/tolmacenje\/#breadcrumb","itemListElement":[{"@type":"ListItem","position":1,"name":"Home","item":"https:\/\/yugotranslate.si\/"},{"@type":"ListItem","position":2,"name":"Interpreting"}]},{"@type":"WebSite","@id":"https:\/\/yugotranslate.si\/#website","url":"https:\/\/yugotranslate.si\/","name":"YugoTranslate Institute","description":"Fast, high-quality translations in over 30 languages","potentialAction":[{"@type":"SearchAction","target":{"@type":"EntryPoint","urlTemplate":"https:\/\/yugotranslate.si\/?s={search_term_string}"},"query-input":{"@type":"PropertyValueSpecification","valueRequired":true,"valueName":"search_term_string"}}],"inLanguage":"en-US"}]}},"_links":{"self":[{"href":"https:\/\/yugotranslate.si\/en\/wp-json\/wp\/v2\/pages\/11","targetHints":{"allow":["GET"]}}],"collection":[{"href":"https:\/\/yugotranslate.si\/en\/wp-json\/wp\/v2\/pages"}],"about":[{"href":"https:\/\/yugotranslate.si\/en\/wp-json\/wp\/v2\/types\/page"}],"author":[{"embeddable":true,"href":"https:\/\/yugotranslate.si\/en\/wp-json\/wp\/v2\/users\/2"}],"replies":[{"embeddable":true,"href":"https:\/\/yugotranslate.si\/en\/wp-json\/wp\/v2\/comments?post=11"}],"version-history":[{"count":35,"href":"https:\/\/yugotranslate.si\/en\/wp-json\/wp\/v2\/pages\/11\/revisions"}],"predecessor-version":[{"id":2539,"href":"https:\/\/yugotranslate.si\/en\/wp-json\/wp\/v2\/pages\/11\/revisions\/2539"}],"wp:attachment":[{"href":"https:\/\/yugotranslate.si\/en\/wp-json\/wp\/v2\/media?parent=11"}],"curies":[{"name":"wp","href":"https:\/\/api.w.org\/{rel}","templated":true}]}}