{"id":13,"date":"2015-08-26T10:49:08","date_gmt":"2015-08-26T10:49:08","guid":{"rendered":"http:\/\/jugotranslate.si\/?page_id=13"},"modified":"2026-01-21T11:32:19","modified_gmt":"2026-01-21T11:32:19","slug":"cenik","status":"publish","type":"page","link":"https:\/\/yugotranslate.si\/en\/cenik\/","title":{"rendered":"Price list"},"content":{"rendered":"<h1 class=\"cenik_title\">TRANSLATION PRICE LIST<span style=\"color: #000000;\"> *<\/span><\/h1>\n<h2 class=\"cenik_subtitle\">1 translated page = 1.500 characters without spaces<\/h2>\n<table class=\"cenik_table engtable\">\n<tbody>\n<tr class=\"odd\">\n<th>LANGUAGE<\/p>\n<p>&nbsp;<\/th>\n<th>TRANSLATION<\/p>\n<p><span style=\"font-size: 10px; font-weight: 400; line-height: 10px;\">to\/from Slovene<\/span><\/th>\n<th><strong>CERITIFIED TRANSLATION<\/strong><\/p>\n<p><span style=\"font-size: 10px; font-weight: 400; line-height: 10px;\">to\/from Slovene<\/span><\/th>\n<th><strong>PROOF-READING<\/strong><\/p>\n<p>&nbsp;<\/th>\n<th><strong>INTERPRETATION<\/strong><\/p>\n<p><span style=\"font-size: 10px; font-weight: 400; line-height: 10px;\">to\/from Slovene<br \/>\n1 hour<br \/>\n<\/span><\/th>\n<th><strong>LOCALIZATION <\/strong><\/p>\n<p><span style=\"font-size: 10px; font-weight: 400; line-height: 10px;\">for the language pairs<\/span><\/p>\n<p>&nbsp;<\/th>\n<\/tr>\n<tr class=\"odd\">\n<td>Slovenian<\/td>\n<td>\/<\/td>\n<td>\/<\/td>\n<td>3,5 EUR<\/td>\n<td>\/<\/td>\n<td>\/<\/td>\n<\/tr>\n<tr class=\"odd\">\n<td>Serbian<\/td>\n<td>15 EUR<\/td>\n<td>25 EUR<\/td>\n<td>5 EUR<\/td>\n<td>90 EUR<\/td>\n<td>7,5 EUR<\/td>\n<\/tr>\n<tr class=\"odd\">\n<td>Croatian<\/td>\n<td>15 EUR<\/td>\n<td>25 EUR<\/td>\n<td>5 EUR<\/td>\n<td>90 EUR<\/td>\n<td>7,5 EUR<\/td>\n<\/tr>\n<tr class=\"odd\">\n<td>Bosnian<\/td>\n<td>15 EUR<\/td>\n<td>25 EUR<\/td>\n<td>5 EUR<\/td>\n<td>90 EUR<\/td>\n<td>7,5 EUR<\/td>\n<\/tr>\n<tr class=\"odd\">\n<td>Montenegrin<\/td>\n<td>15 EUR<\/td>\n<td>30 EUR<\/td>\n<td>5 EUR<\/td>\n<td>90 EUR<\/td>\n<td>7,5 EUR<\/td>\n<\/tr>\n<tr class=\"odd\">\n<td>Macedonian<\/td>\n<td>15 EUR<\/td>\n<td>30 EUR<\/td>\n<td>5 EUR<\/td>\n<td>100 EUR<\/td>\n<td>\/<\/td>\n<\/tr>\n<tr class=\"odd\">\n<td>Albanian<\/td>\n<td>20 EUR<\/td>\n<td>30 EUR<\/td>\n<td>5 EUR<\/td>\n<td>100 EUR<\/td>\n<td>\/<\/td>\n<\/tr>\n<tr class=\"even\">\n<td>English<\/td>\n<td>20 EUR<\/td>\n<td>30 EUR<\/td>\n<td>9 EUR<\/td>\n<td>100 EUR<\/td>\n<td>\/<\/td>\n<\/tr>\n<tr class=\"even\">\n<td>German<\/td>\n<td>20 EUR<\/td>\n<td>30 EUR<\/td>\n<td>9 EUR<\/td>\n<td>100 EUR<\/td>\n<td>\/<\/td>\n<\/tr>\n<tr class=\"even\">\n<td>French<\/td>\n<td>20 EUR<\/td>\n<td>35 EUR<\/td>\n<td>9 EUR<\/td>\n<td>100 EUR<\/td>\n<td>\/<\/td>\n<\/tr>\n<tr class=\"even\">\n<td>Spanish<\/td>\n<td>20 EUR<\/td>\n<td>30 EUR<\/td>\n<td>9 EUR<\/td>\n<td>100 EUR<\/td>\n<td>\/<\/td>\n<\/tr>\n<tr class=\"even\">\n<td>Portugese<\/td>\n<td>25 EUR<\/td>\n<td>35 EUR<\/td>\n<td>9 EUR<\/td>\n<td>100 EUR<\/td>\n<td>\/<\/td>\n<\/tr>\n<tr class=\"even\">\n<td>Italian<\/td>\n<td>25 EUR<\/td>\n<td>35 EUR<\/td>\n<td>9 EUR<\/td>\n<td>100 EUR<\/td>\n<td>\/<\/td>\n<\/tr>\n<tr class=\"even\">\n<td>Russian<\/td>\n<td>20 EUR<\/td>\n<td>35 EUR<\/td>\n<td>9 EUR<\/td>\n<td>100 EUR<\/td>\n<td>\/<\/td>\n<\/tr>\n<tr class=\"odd\">\n<td>Czech<\/td>\n<td>30 EUR<\/td>\n<td>40 EUR<\/td>\n<td>10 EUR<\/td>\n<td>100 EUR<\/td>\n<td>\/<\/td>\n<\/tr>\n<tr class=\"odd\">\n<td>Polish<\/td>\n<td>30 EUR<\/td>\n<td>40 EUR<\/td>\n<td>10 EUR<\/td>\n<td>100 EUR<\/td>\n<td>\/<\/td>\n<\/tr>\n<tr class=\"odd\">\n<td>Hungarian<\/td>\n<td>30 EUR<\/td>\n<td>40 EUR<\/td>\n<td>10 EUR<\/td>\n<td>100 EUR<\/td>\n<td>\/<\/td>\n<\/tr>\n<tr class=\"odd\">\n<td>Slovakian<\/td>\n<td>30 EUR<\/td>\n<td>40 EUR<\/td>\n<td>10 EUR<\/td>\n<td>100 EUR<\/td>\n<td>\/<\/td>\n<\/tr>\n<tr class=\"odd\">\n<td>Romanian<\/td>\n<td>30 EUR<\/td>\n<td>40 EUR<\/td>\n<td>10 EUR<\/td>\n<td>100 EUR<\/td>\n<td>\/<\/td>\n<\/tr>\n<tr class=\"odd\">\n<td>Bulgarian<\/td>\n<td>30 EUR<\/td>\n<td>40 EUR<\/td>\n<td>10 EUR<\/td>\n<td>100 EUR<\/td>\n<td>\/<\/td>\n<\/tr>\n<tr class=\"even\">\n<td>Greek<\/td>\n<td>32 EUR<\/td>\n<td>42 EUR<\/td>\n<td>10 EUR<\/td>\n<td>100 EUR<\/td>\n<td>\/<\/td>\n<\/tr>\n<tr class=\"even\">\n<td>Norvegian<\/td>\n<td>32 EUR<\/td>\n<td>42 EUR<\/td>\n<td>10 EUR<\/td>\n<td>100 EUR<\/td>\n<td>\/<\/td>\n<\/tr>\n<tr class=\"even\">\n<td>Finnish<\/td>\n<td>32 EUR<\/td>\n<td>42 EUR<\/td>\n<td>10 EUR<\/td>\n<td>100 EUR<\/td>\n<td>\/<\/td>\n<\/tr>\n<tr class=\"even\">\n<td>Swedish<\/td>\n<td>32 EUR<\/td>\n<td>42 EUR<\/td>\n<td>10 EUR<\/td>\n<td>100 EUR<\/td>\n<td>\/<\/td>\n<\/tr>\n<tr class=\"even\">\n<td>Danish<\/td>\n<td>32 EUR<\/td>\n<td>42 EUR<\/td>\n<td>10 EUR<\/td>\n<td>100 EUR<\/td>\n<td>\/<\/td>\n<\/tr>\n<tr class=\"even\">\n<td>Dutch<\/td>\n<td>32 EUR<\/td>\n<td>42 EUR<\/td>\n<td>10 EUR<\/td>\n<td>100 EUR<\/td>\n<td>\/<\/td>\n<\/tr>\n<tr class=\"even\">\n<td>Estonian<\/td>\n<td>32 EUR<\/td>\n<td>42 EUR<\/td>\n<td>10 EUR<\/td>\n<td>100 EUR<\/td>\n<td>\/<\/td>\n<\/tr>\n<tr class=\"even\">\n<td>Latvian<\/td>\n<td>32 EUR<\/td>\n<td>42 EUR<\/td>\n<td>10 EUR<\/td>\n<td>100 EUR<\/td>\n<td>\/<\/td>\n<\/tr>\n<tr class=\"even\">\n<td>Lithuanian<\/td>\n<td>32 EUR<\/td>\n<td>42 EUR<\/td>\n<td>10 EUR<\/td>\n<td>100 EUR<\/td>\n<td>\/<\/td>\n<\/tr>\n<tr class=\"odd\">\n<td>Chinesse<\/td>\n<td>35 EUR<\/td>\n<td>45 EUR<\/td>\n<td>10 EUR<\/td>\n<td>100 EUR<\/td>\n<td>\/<\/td>\n<\/tr>\n<tr class=\"odd\">\n<td>Japonski<\/td>\n<td>35 EUR<\/td>\n<td>45 EUR<\/td>\n<td>10 EUR<\/td>\n<td>100 EUR<\/td>\n<td>\/<\/td>\n<\/tr>\n<tr class=\"odd\">\n<td>Hebrew<\/td>\n<td>35 EUR<\/td>\n<td>45 EUR<\/td>\n<td>10 EUR<\/td>\n<td>100 EUR<\/td>\n<td>\/<\/td>\n<\/tr>\n<tr class=\"odd\">\n<td>Hindi<\/td>\n<td>35 EUR<\/td>\n<td>45 EUR<\/td>\n<td>10 EUR<\/td>\n<td>100 EUR<\/td>\n<td>\/<\/td>\n<\/tr>\n<tr class=\"odd\">\n<td>Arabic<\/td>\n<td>35 EUR<\/td>\n<td>45 EUR<\/td>\n<td>10 EUR<\/td>\n<td>100 EUR<\/td>\n<td>\/<\/td>\n<\/tr>\n<\/tbody>\n<\/table>\n","protected":false},"excerpt":{"rendered":"<p>TRANSLATION PRICE LIST * 1 translated page = 1.500 characters without spaces LANGUAGE &nbsp; TRANSLATION to\/from Slovene CERITIFIED TRANSLATION to\/from Slovene PROOF-READING &nbsp; INTERPRETATION to\/from Slovene 1 hour LOCALIZATION for the language pairs &nbsp; Slovenian \/ \/ 3,5 EUR \/<span class=\"ellipsis\">&hellip;<\/span><\/p>\n<div class=\"read-more\"><a href=\"https:\/\/yugotranslate.si\/en\/cenik\/\">Read more &#8250;<\/a><\/div>\n<p><!-- end of .read-more --><\/p>\n","protected":false},"author":2,"featured_media":0,"parent":0,"menu_order":0,"comment_status":"closed","ping_status":"closed","template":"","meta":{"_exactmetrics_skip_tracking":false,"_exactmetrics_sitenote_active":false,"_exactmetrics_sitenote_note":"","_exactmetrics_sitenote_category":0,"footnotes":""},"class_list":["post-13","page","type-page","status-publish","hentry"],"translation":{"provider":"WPGlobus","version":"3.0.2","language":"en","enabled_languages":["sl","en","yu"],"languages":{"sl":{"title":true,"content":true,"excerpt":false},"en":{"title":true,"content":true,"excerpt":false},"yu":{"title":false,"content":false,"excerpt":false}}},"yoast_head":"<!-- This site is optimized with the Yoast SEO plugin v27.0 - https:\/\/yoast.com\/product\/yoast-seo-wordpress\/ -->\n<title>Cenik prevodov - Zavod YugoTranslate<\/title>\n<meta name=\"robots\" content=\"index, follow, max-snippet:-1, max-image-preview:large, max-video-preview:-1\" \/>\n<link rel=\"canonical\" href=\"https:\/\/yugotranslate.si\/cenik\/\" \/>\n<meta property=\"og:locale\" content=\"en_US\" \/>\n<meta property=\"og:type\" content=\"article\" \/>\n<meta property=\"og:title\" content=\"Price list - YugoTranslate Institute\" \/>\n<meta property=\"og:url\" content=\"https:\/\/yugotranslate.si\/cenik\/\" \/>\n<meta property=\"og:site_name\" content=\"YugoTranslate Institute\" \/>\n<meta property=\"article:modified_time\" content=\"2026-01-21T11:32:19+00:00\" \/>\n<meta property=\"og:image\" content=\"https:\/\/yugotranslate.si\/wp-content\/uploads\/2015\/08\/yugologo.jpg\" \/>\n\t<meta property=\"og:image:width\" content=\"400\" \/>\n\t<meta property=\"og:image:height\" content=\"113\" \/>\n\t<meta property=\"og:image:type\" content=\"image\/jpeg\" \/>\n<meta name=\"twitter:card\" content=\"summary_large_image\" \/>\n<meta name=\"twitter:label1\" content=\"Est. reading time\" \/>\n\t<meta name=\"twitter:data1\" content=\"5 minutes\" \/>\n<script type=\"application\/ld+json\" class=\"yoast-schema-graph\">{\"@context\":\"https:\/\/schema.org\",\"@graph\":[{\"@type\":\"WebPage\",\"@id\":\"https:\/\/yugotranslate.si\/cenik\/\",\"url\":\"https:\/\/yugotranslate.si\/cenik\/\",\"name\":\"Cenik prevodov - Zavod YugoTranslate\",\"isPartOf\":{\"@id\":\"https:\/\/yugotranslate.si\/#website\"},\"primaryImageOfPage\":{\"@id\":\"https:\/\/yugotranslate.si\/cenik\/#primaryimage\"},\"image\":{\"@id\":\"https:\/\/yugotranslate.si\/cenik\/#primaryimage\"},\"thumbnailUrl\":\"http:\/\/yugotranslate.si\/wp-content\/uploads\/2015\/08\/yugologo.jpg\",\"datePublished\":\"2015-08-26T10:49:08+00:00\",\"dateModified\":\"2026-01-21T11:32:19+00:00\",\"description\":\"Cenik prevajanja - YugoTranslate. Cene na\u0161ih prevodov so bistveno ni\u017eje od slovenskega povpre\u010dja, njihova kakovost pa bistveno ve\u010dja. Prepri\u010dajte se! \u00a0\",\"breadcrumb\":{\"@id\":\"https:\/\/yugotranslate.si\/cenik\/#breadcrumb\"},\"inLanguage\":\"en-US\",\"potentialAction\":[{\"@type\":\"ReadAction\",\"target\":[\"https:\/\/yugotranslate.si\/cenik\/\"]}]},{\"@type\":\"ImageObject\",\"inLanguage\":\"en-US\",\"@id\":\"https:\/\/yugotranslate.si\/cenik\/#primaryimage\",\"url\":\"http:\/\/yugotranslate.si\/wp-content\/uploads\/2015\/08\/yugologo.jpg\",\"contentUrl\":\"http:\/\/yugotranslate.si\/wp-content\/uploads\/2015\/08\/yugologo.jpg\"},{\"@type\":\"BreadcrumbList\",\"@id\":\"https:\/\/yugotranslate.si\/cenik\/#breadcrumb\",\"itemListElement\":[{\"@type\":\"ListItem\",\"position\":1,\"name\":\"Home\",\"item\":\"https:\/\/yugotranslate.si\/\"},{\"@type\":\"ListItem\",\"position\":2,\"name\":\"Cenik\"}]},{\"@type\":\"WebSite\",\"@id\":\"https:\/\/yugotranslate.si\/#website\",\"url\":\"https:\/\/yugotranslate.si\/\",\"name\":\"YugoTranslate Institute\",\"description\":\"Fast, high-quality translations in over 30 languages\",\"potentialAction\":[{\"@type\":\"SearchAction\",\"target\":{\"@type\":\"EntryPoint\",\"urlTemplate\":\"https:\/\/yugotranslate.si\/?s={search_term_string}\"},\"query-input\":{\"@type\":\"PropertyValueSpecification\",\"valueRequired\":true,\"valueName\":\"search_term_string\"}}],\"inLanguage\":\"en-US\"}]}<\/script>\n<!-- \/ Yoast SEO plugin. -->","yoast_head_json":{"title":"Cenik prevodov - Zavod YugoTranslate","robots":{"index":"index","follow":"follow","max-snippet":"max-snippet:-1","max-image-preview":"max-image-preview:large","max-video-preview":"max-video-preview:-1"},"canonical":"https:\/\/yugotranslate.si\/cenik\/","og_locale":"en_US","og_type":"article","og_title":"Price list - YugoTranslate Institute","og_url":"https:\/\/yugotranslate.si\/cenik\/","og_site_name":"YugoTranslate Institute","article_modified_time":"2026-01-21T11:32:19+00:00","og_image":[{"width":400,"height":113,"url":"https:\/\/yugotranslate.si\/wp-content\/uploads\/2015\/08\/yugologo.jpg","type":"image\/jpeg"}],"twitter_card":"summary_large_image","twitter_misc":{"Est. reading time":"5 minutes"},"schema":{"@context":"https:\/\/schema.org","@graph":[{"@type":"WebPage","@id":"https:\/\/yugotranslate.si\/cenik\/","url":"https:\/\/yugotranslate.si\/cenik\/","name":"Cenik prevodov - Zavod YugoTranslate","isPartOf":{"@id":"https:\/\/yugotranslate.si\/#website"},"primaryImageOfPage":{"@id":"https:\/\/yugotranslate.si\/cenik\/#primaryimage"},"image":{"@id":"https:\/\/yugotranslate.si\/cenik\/#primaryimage"},"thumbnailUrl":"http:\/\/yugotranslate.si\/wp-content\/uploads\/2015\/08\/yugologo.jpg","datePublished":"2015-08-26T10:49:08+00:00","dateModified":"2026-01-21T11:32:19+00:00","description":"Cenik prevajanja - YugoTranslate. Cene na\u0161ih prevodov so bistveno ni\u017eje od slovenskega povpre\u010dja, njihova kakovost pa bistveno ve\u010dja. Prepri\u010dajte se! \u00a0","breadcrumb":{"@id":"https:\/\/yugotranslate.si\/cenik\/#breadcrumb"},"inLanguage":"en-US","potentialAction":[{"@type":"ReadAction","target":["https:\/\/yugotranslate.si\/cenik\/"]}]},{"@type":"ImageObject","inLanguage":"en-US","@id":"https:\/\/yugotranslate.si\/cenik\/#primaryimage","url":"http:\/\/yugotranslate.si\/wp-content\/uploads\/2015\/08\/yugologo.jpg","contentUrl":"http:\/\/yugotranslate.si\/wp-content\/uploads\/2015\/08\/yugologo.jpg"},{"@type":"BreadcrumbList","@id":"https:\/\/yugotranslate.si\/cenik\/#breadcrumb","itemListElement":[{"@type":"ListItem","position":1,"name":"Home","item":"https:\/\/yugotranslate.si\/"},{"@type":"ListItem","position":2,"name":"Cenik"}]},{"@type":"WebSite","@id":"https:\/\/yugotranslate.si\/#website","url":"https:\/\/yugotranslate.si\/","name":"YugoTranslate Institute","description":"Fast, high-quality translations in over 30 languages","potentialAction":[{"@type":"SearchAction","target":{"@type":"EntryPoint","urlTemplate":"https:\/\/yugotranslate.si\/?s={search_term_string}"},"query-input":{"@type":"PropertyValueSpecification","valueRequired":true,"valueName":"search_term_string"}}],"inLanguage":"en-US"}]}},"_links":{"self":[{"href":"https:\/\/yugotranslate.si\/en\/wp-json\/wp\/v2\/pages\/13","targetHints":{"allow":["GET"]}}],"collection":[{"href":"https:\/\/yugotranslate.si\/en\/wp-json\/wp\/v2\/pages"}],"about":[{"href":"https:\/\/yugotranslate.si\/en\/wp-json\/wp\/v2\/types\/page"}],"author":[{"embeddable":true,"href":"https:\/\/yugotranslate.si\/en\/wp-json\/wp\/v2\/users\/2"}],"replies":[{"embeddable":true,"href":"https:\/\/yugotranslate.si\/en\/wp-json\/wp\/v2\/comments?post=13"}],"version-history":[{"count":267,"href":"https:\/\/yugotranslate.si\/en\/wp-json\/wp\/v2\/pages\/13\/revisions"}],"predecessor-version":[{"id":2586,"href":"https:\/\/yugotranslate.si\/en\/wp-json\/wp\/v2\/pages\/13\/revisions\/2586"}],"wp:attachment":[{"href":"https:\/\/yugotranslate.si\/en\/wp-json\/wp\/v2\/media?parent=13"}],"curies":[{"name":"wp","href":"https:\/\/api.w.org\/{rel}","templated":true}]}}