{"id":2223,"date":"2016-09-16T23:23:49","date_gmt":"2016-09-16T23:23:49","guid":{"rendered":"http:\/\/yugotranslate.si\/?page_id=2223"},"modified":"2016-09-16T23:23:49","modified_gmt":"2016-09-16T23:23:49","slug":"povprasevanje","status":"publish","type":"page","link":"https:\/\/yugotranslate.si\/en\/povprasevanje\/","title":{"rendered":"Inquiry"},"content":{"rendered":"\n<div class=\"wpcf7 no-js\" id=\"wpcf7-f2222-o1\" lang=\"sl-SI\" dir=\"ltr\" data-wpcf7-id=\"2222\">\n<div class=\"screen-reader-response\"><p role=\"status\" aria-live=\"polite\" aria-atomic=\"true\"><\/p> <ul><\/ul><\/div>\n<form action=\"\/en\/wp-json\/wp\/v2\/pages\/2223#wpcf7-f2222-o1\" method=\"post\" class=\"wpcf7-form init\" aria-label=\"Kontaktni obrazec\" enctype=\"multipart\/form-data\" novalidate=\"novalidate\" data-status=\"init\">\n<fieldset class=\"hidden-fields-container\"><input type=\"hidden\" name=\"_wpcf7\" value=\"2222\" \/><input type=\"hidden\" name=\"_wpcf7_version\" value=\"6.1.5\" \/><input type=\"hidden\" name=\"_wpcf7_locale\" value=\"sl_SI\" \/><input type=\"hidden\" name=\"_wpcf7_unit_tag\" value=\"wpcf7-f2222-o1\" \/><input type=\"hidden\" name=\"_wpcf7_container_post\" value=\"0\" \/><input type=\"hidden\" name=\"_wpcf7_posted_data_hash\" value=\"\" \/><input type=\"hidden\" name=\"_wpcf7_recaptcha_response\" value=\"\" \/>\n<\/fieldset>\n<p><label> Izberite datoteko za prevod:<br \/>\n<span class=\"wpcf7-form-control-wrap\" data-name=\"Datoteka\"><input size=\"40\" class=\"wpcf7-form-control wpcf7-file wpcf7-validates-as-required\" accept=\".jpg,.png,.doc,.docx,.pdf,.ppt,.pptx,.xls,.xlsx,.odt\" aria-required=\"true\" aria-invalid=\"false\" type=\"file\" name=\"Datoteka\" \/><\/span> <\/label>\n<\/p>\n<p><label> \u017delim prevod v jezik:<br \/>\n<span class=\"wpcf7-form-control-wrap\" data-name=\"Prevodv\"><select class=\"wpcf7-form-control wpcf7-select wpcf7-validates-as-required\" aria-required=\"true\" aria-invalid=\"false\" name=\"Prevodv\"><option value=\"Sloven\u0161\u010dina\">Sloven\u0161\u010dina<\/option><option value=\"Hrva\u0161\u010dina\">Hrva\u0161\u010dina<\/option><option value=\"Srb\u0161\u010dina\">Srb\u0161\u010dina<\/option><option value=\"Bosan\u0161\u010dina\">Bosan\u0161\u010dina<\/option><option value=\"Angle\u0161\u010dina\">Angle\u0161\u010dina<\/option><option value=\"Nem\u0161\u010dina\">Nem\u0161\u010dina<\/option><option value=\"Ru\u0161\u010dina\">Ru\u0161\u010dina<\/option><option value=\"Italijan\u0161\u010dina\">Italijan\u0161\u010dina<\/option><option value=\"Franco\u0161\u010dina\">Franco\u0161\u010dina<\/option><option value=\"\u0160pan\u0161\u010dina\">\u0160pan\u0161\u010dina<\/option><option value=\"Makedon\u0161\u010dina\">Makedon\u0161\u010dina<\/option><option value=\"\u010crnogor\u0161\u010dina\">\u010crnogor\u0161\u010dina<\/option><option value=\"Alban\u0161\u010dina\">Alban\u0161\u010dina<\/option><option value=\"Drugo\">Drugo<\/option><\/select><\/span> <\/label>\n<\/p>\n<p><span class=\"wpcf7-form-control-wrap\" data-name=\"Sodnooverjenprevod\"><span class=\"wpcf7-form-control wpcf7-checkbox hitraponudbacheckbox\"><span class=\"wpcf7-list-item first last\"><input type=\"checkbox\" name=\"Sodnooverjenprevod[]\" value=\"Potrebujem sodno overjen prevod\" \/><span class=\"wpcf7-list-item-label\">Potrebujem sodno overjen prevod<\/span><\/span><\/span><\/span>\n<\/p>\n<p><label> Va\u0161 kontakt (e-mail ali telefon):<br \/>\n<span class=\"wpcf7-form-control-wrap\" data-name=\"Kontakt\"><input size=\"40\" maxlength=\"400\" class=\"wpcf7-form-control wpcf7-text wpcf7-validates-as-required\" aria-required=\"true\" aria-invalid=\"false\" value=\"\" type=\"text\" name=\"Kontakt\" \/><\/span><\/label>\n<\/p>\n<p><input class=\"wpcf7-form-control wpcf7-submit has-spinner\" type=\"submit\" value=\"Po\u0161lji\" \/>\n<\/p>\n<p><span class=\"wpcf7-form-control-wrap\" data-name=\"checkbox-235\"><span class=\"wpcf7-form-control wpcf7-checkbox dsss\"><\/span><\/span>\n<\/p><p style=\"display: none !important;\" class=\"akismet-fields-container\" data-prefix=\"_wpcf7_ak_\"><label>&#916;<textarea name=\"_wpcf7_ak_hp_textarea\" cols=\"45\" rows=\"8\" maxlength=\"100\"><\/textarea><\/label><input type=\"hidden\" id=\"ak_js_1\" name=\"_wpcf7_ak_js\" value=\"113\"\/><script>document.getElementById( \"ak_js_1\" ).setAttribute( \"value\", ( new Date() ).getTime() );<\/script><\/p><div class=\"wpcf7-response-output\" aria-hidden=\"true\"><\/div>\n<\/form>\n<\/div>\n\n","protected":false},"excerpt":{"rendered":"","protected":false},"author":1,"featured_media":0,"parent":0,"menu_order":0,"comment_status":"closed","ping_status":"closed","template":"","meta":{"_exactmetrics_skip_tracking":false,"_exactmetrics_sitenote_active":false,"_exactmetrics_sitenote_note":"","_exactmetrics_sitenote_category":0,"footnotes":""},"class_list":["post-2223","page","type-page","status-publish","hentry"],"translation":{"provider":"WPGlobus","version":"3.0.2","language":"en","enabled_languages":["sl","en","yu"],"languages":{"sl":{"title":true,"content":true,"excerpt":false},"en":{"title":true,"content":true,"excerpt":false},"yu":{"title":true,"content":true,"excerpt":false}}},"yoast_head":"<!-- This site is optimized with the Yoast SEO plugin v27.0 - https:\/\/yoast.com\/product\/yoast-seo-wordpress\/ -->\n<title>Inquiry - YugoTranslate Institute<\/title>\n<meta name=\"robots\" content=\"index, follow, max-snippet:-1, max-image-preview:large, max-video-preview:-1\" \/>\n<link rel=\"canonical\" href=\"https:\/\/yugotranslate.si\/povprasevanje\/\" \/>\n<meta property=\"og:locale\" content=\"en_US\" \/>\n<meta property=\"og:type\" content=\"article\" \/>\n<meta property=\"og:title\" content=\"Inquiry - YugoTranslate Institute\" \/>\n<meta property=\"og:url\" content=\"https:\/\/yugotranslate.si\/povprasevanje\/\" \/>\n<meta property=\"og:site_name\" content=\"YugoTranslate Institute\" \/>\n<meta name=\"twitter:card\" content=\"summary_large_image\" \/>\n<script type=\"application\/ld+json\" class=\"yoast-schema-graph\">{\"@context\":\"https:\/\/schema.org\",\"@graph\":[{\"@type\":\"WebPage\",\"@id\":\"https:\/\/yugotranslate.si\/povprasevanje\/\",\"url\":\"https:\/\/yugotranslate.si\/povprasevanje\/\",\"name\":\"Inquiry - YugoTranslate Institute\",\"isPartOf\":{\"@id\":\"https:\/\/yugotranslate.si\/#website\"},\"datePublished\":\"2016-09-16T23:23:49+00:00\",\"breadcrumb\":{\"@id\":\"https:\/\/yugotranslate.si\/povprasevanje\/#breadcrumb\"},\"inLanguage\":\"en-US\",\"potentialAction\":[{\"@type\":\"ReadAction\",\"target\":[\"https:\/\/yugotranslate.si\/povprasevanje\/\"]}]},{\"@type\":\"BreadcrumbList\",\"@id\":\"https:\/\/yugotranslate.si\/povprasevanje\/#breadcrumb\",\"itemListElement\":[{\"@type\":\"ListItem\",\"position\":1,\"name\":\"Home\",\"item\":\"https:\/\/yugotranslate.si\/\"},{\"@type\":\"ListItem\",\"position\":2,\"name\":\"Povpra\u0161evanje\"}]},{\"@type\":\"WebSite\",\"@id\":\"https:\/\/yugotranslate.si\/#website\",\"url\":\"https:\/\/yugotranslate.si\/\",\"name\":\"YugoTranslate Institute\",\"description\":\"Fast, high-quality translations in over 30 languages\",\"potentialAction\":[{\"@type\":\"SearchAction\",\"target\":{\"@type\":\"EntryPoint\",\"urlTemplate\":\"https:\/\/yugotranslate.si\/?s={search_term_string}\"},\"query-input\":{\"@type\":\"PropertyValueSpecification\",\"valueRequired\":true,\"valueName\":\"search_term_string\"}}],\"inLanguage\":\"en-US\"}]}<\/script>\n<!-- \/ Yoast SEO plugin. -->","yoast_head_json":{"title":"Inquiry - YugoTranslate Institute","robots":{"index":"index","follow":"follow","max-snippet":"max-snippet:-1","max-image-preview":"max-image-preview:large","max-video-preview":"max-video-preview:-1"},"canonical":"https:\/\/yugotranslate.si\/povprasevanje\/","og_locale":"en_US","og_type":"article","og_title":"Inquiry - YugoTranslate Institute","og_url":"https:\/\/yugotranslate.si\/povprasevanje\/","og_site_name":"YugoTranslate Institute","twitter_card":"summary_large_image","schema":{"@context":"https:\/\/schema.org","@graph":[{"@type":"WebPage","@id":"https:\/\/yugotranslate.si\/povprasevanje\/","url":"https:\/\/yugotranslate.si\/povprasevanje\/","name":"Inquiry - YugoTranslate Institute","isPartOf":{"@id":"https:\/\/yugotranslate.si\/#website"},"datePublished":"2016-09-16T23:23:49+00:00","breadcrumb":{"@id":"https:\/\/yugotranslate.si\/povprasevanje\/#breadcrumb"},"inLanguage":"en-US","potentialAction":[{"@type":"ReadAction","target":["https:\/\/yugotranslate.si\/povprasevanje\/"]}]},{"@type":"BreadcrumbList","@id":"https:\/\/yugotranslate.si\/povprasevanje\/#breadcrumb","itemListElement":[{"@type":"ListItem","position":1,"name":"Home","item":"https:\/\/yugotranslate.si\/"},{"@type":"ListItem","position":2,"name":"Povpra\u0161evanje"}]},{"@type":"WebSite","@id":"https:\/\/yugotranslate.si\/#website","url":"https:\/\/yugotranslate.si\/","name":"YugoTranslate Institute","description":"Fast, high-quality translations in over 30 languages","potentialAction":[{"@type":"SearchAction","target":{"@type":"EntryPoint","urlTemplate":"https:\/\/yugotranslate.si\/?s={search_term_string}"},"query-input":{"@type":"PropertyValueSpecification","valueRequired":true,"valueName":"search_term_string"}}],"inLanguage":"en-US"}]}},"_links":{"self":[{"href":"https:\/\/yugotranslate.si\/en\/wp-json\/wp\/v2\/pages\/2223","targetHints":{"allow":["GET"]}}],"collection":[{"href":"https:\/\/yugotranslate.si\/en\/wp-json\/wp\/v2\/pages"}],"about":[{"href":"https:\/\/yugotranslate.si\/en\/wp-json\/wp\/v2\/types\/page"}],"author":[{"embeddable":true,"href":"https:\/\/yugotranslate.si\/en\/wp-json\/wp\/v2\/users\/1"}],"replies":[{"embeddable":true,"href":"https:\/\/yugotranslate.si\/en\/wp-json\/wp\/v2\/comments?post=2223"}],"version-history":[{"count":2,"href":"https:\/\/yugotranslate.si\/en\/wp-json\/wp\/v2\/pages\/2223\/revisions"}],"predecessor-version":[{"id":2225,"href":"https:\/\/yugotranslate.si\/en\/wp-json\/wp\/v2\/pages\/2223\/revisions\/2225"}],"wp:attachment":[{"href":"https:\/\/yugotranslate.si\/en\/wp-json\/wp\/v2\/media?parent=2223"}],"curies":[{"name":"wp","href":"https:\/\/api.w.org\/{rel}","templated":true}]}}