{"id":61,"date":"2015-08-26T11:28:51","date_gmt":"2015-08-26T11:28:51","guid":{"rendered":"http:\/\/jugotranslate.si\/?page_id=61"},"modified":"2015-09-23T16:49:24","modified_gmt":"2015-09-23T16:49:24","slug":"sodni-tolmaci","status":"publish","type":"page","link":"https:\/\/yugotranslate.si\/en\/sodni-prevodi\/sodni-tolmaci\/","title":{"rendered":"Sodni tolma\u010di"},"content":{"rendered":"<p><strong>Zaprise\u017eeni sodni tolma\u010d<\/strong> za posamezni jezik je oseba, imenovana s strani Ministrstva za pravosodje, ki s svojim \u017eigom in podpisom jam\u010di, da se prevod posamezne pravne listine (spri\u010devalo, diploma, pooblastilo, registracija podjetja, finan\u010dni izkaz ipd.) vsebinsko, zlogovno in terminolo\u0161ko v popolnosti ujema z izvirnikom.<\/p>\n<p>Sodni tolma\u010d lahko prevaja tudi ustno, na sodi\u0161\u010du ali pri drugih dr\u017eavnih organih, kjer se odvija pravni postopek (npr. poroka).<\/p>\n<p><strong>Na\u0161i zanesljivi zaprise\u017eeni sodni tolma\u010di vam lahko zagotovijo kakovostne in cenovno ugodne sodne storitve vse vrste osebne, poslovne in pravne dokumentacije ter vse pravne postopke.<\/strong><\/p>\n<p>Za kraj\u0161e prevode oziroma obse\u017enej\u0161e prevode za posamezne jezike, za katere imamo ve\u010d sodnih tolma\u010dev, vam lahko uredimo <strong>sodno overjeni prevod \u017ee v istem dnevu<\/strong>.<\/p>\n<p>Pokli\u010dite nas ali pi\u0161ite za <strong>brezpla\u010dno ponudbo ali nasvet<\/strong> glede pridobivanja potrebne dokumentacije. Ali pa nas obi\u0161\u010dite v na\u0161ih prostorih, v neposredni bli\u017eini Upravne enote Ljubljana na Toba\u010dni 2.<\/p>\n","protected":false},"excerpt":{"rendered":"<p>Zaprise\u017eeni sodni tolma\u010d za posamezni jezik je oseba, imenovana s strani Ministrstva za pravosodje, ki s svojim \u017eigom in podpisom jam\u010di, da se prevod posamezne pravne listine (spri\u010devalo, diploma, pooblastilo, registracija podjetja, finan\u010dni izkaz ipd.) vsebinsko, zlogovno in terminolo\u0161ko v<span class=\"ellipsis\">&hellip;<\/span><\/p>\n<div class=\"read-more\"><a href=\"https:\/\/yugotranslate.si\/en\/sodni-prevodi\/sodni-tolmaci\/\">Read more &#8250;<\/a><\/div>\n<p><!-- end of .read-more --><\/p>\n","protected":false},"author":2,"featured_media":0,"parent":55,"menu_order":0,"comment_status":"closed","ping_status":"closed","template":"","meta":{"_exactmetrics_skip_tracking":false,"_exactmetrics_sitenote_active":false,"_exactmetrics_sitenote_note":"","_exactmetrics_sitenote_category":0,"footnotes":""},"class_list":["post-61","page","type-page","status-publish","hentry"],"translation":{"provider":"WPGlobus","version":"3.0.2","language":"en","enabled_languages":["sl","en","yu"],"languages":{"sl":{"title":true,"content":true,"excerpt":false},"en":{"title":false,"content":false,"excerpt":false},"yu":{"title":false,"content":false,"excerpt":false}}},"yoast_head":"<!-- This site is optimized with the Yoast SEO plugin v27.0 - https:\/\/yoast.com\/product\/yoast-seo-wordpress\/ -->\n<title>Sodni tolma\u010di - YugoTranslate Institute<\/title>\n<meta name=\"robots\" content=\"index, follow, max-snippet:-1, max-image-preview:large, max-video-preview:-1\" \/>\n<link rel=\"canonical\" href=\"https:\/\/yugotranslate.si\/sodni-prevodi\/sodni-tolmaci\/\" \/>\n<meta property=\"og:locale\" content=\"en_US\" \/>\n<meta property=\"og:type\" content=\"article\" \/>\n<meta property=\"og:title\" content=\"Sodni tolma\u010di - YugoTranslate Institute\" \/>\n<meta property=\"og:url\" content=\"https:\/\/yugotranslate.si\/sodni-prevodi\/sodni-tolmaci\/\" \/>\n<meta property=\"og:site_name\" content=\"YugoTranslate Institute\" \/>\n<meta property=\"article:modified_time\" content=\"2015-09-23T16:49:24+00:00\" \/>\n<meta name=\"twitter:card\" content=\"summary_large_image\" \/>\n<meta name=\"twitter:label1\" content=\"Est. reading time\" \/>\n\t<meta name=\"twitter:data1\" content=\"1 minute\" \/>\n<script type=\"application\/ld+json\" class=\"yoast-schema-graph\">{\"@context\":\"https:\/\/schema.org\",\"@graph\":[{\"@type\":\"WebPage\",\"@id\":\"https:\/\/yugotranslate.si\/sodni-prevodi\/sodni-tolmaci\/\",\"url\":\"https:\/\/yugotranslate.si\/sodni-prevodi\/sodni-tolmaci\/\",\"name\":\"Sodni tolma\u010di - YugoTranslate Institute\",\"isPartOf\":{\"@id\":\"https:\/\/yugotranslate.si\/#website\"},\"datePublished\":\"2015-08-26T11:28:51+00:00\",\"dateModified\":\"2015-09-23T16:49:24+00:00\",\"breadcrumb\":{\"@id\":\"https:\/\/yugotranslate.si\/sodni-prevodi\/sodni-tolmaci\/#breadcrumb\"},\"inLanguage\":\"en-US\",\"potentialAction\":[{\"@type\":\"ReadAction\",\"target\":[\"https:\/\/yugotranslate.si\/sodni-prevodi\/sodni-tolmaci\/\"]}]},{\"@type\":\"BreadcrumbList\",\"@id\":\"https:\/\/yugotranslate.si\/sodni-prevodi\/sodni-tolmaci\/#breadcrumb\",\"itemListElement\":[{\"@type\":\"ListItem\",\"position\":1,\"name\":\"Home\",\"item\":\"https:\/\/yugotranslate.si\/\"},{\"@type\":\"ListItem\",\"position\":2,\"name\":\"Certified translations\",\"item\":\"https:\/\/yugotranslate.si\/sodni-prevodi\/\"},{\"@type\":\"ListItem\",\"position\":3,\"name\":\"Sodni tolma\u010di\"}]},{\"@type\":\"WebSite\",\"@id\":\"https:\/\/yugotranslate.si\/#website\",\"url\":\"https:\/\/yugotranslate.si\/\",\"name\":\"YugoTranslate Institute\",\"description\":\"Fast, high-quality translations in over 30 languages\",\"potentialAction\":[{\"@type\":\"SearchAction\",\"target\":{\"@type\":\"EntryPoint\",\"urlTemplate\":\"https:\/\/yugotranslate.si\/?s={search_term_string}\"},\"query-input\":{\"@type\":\"PropertyValueSpecification\",\"valueRequired\":true,\"valueName\":\"search_term_string\"}}],\"inLanguage\":\"en-US\"}]}<\/script>\n<!-- \/ Yoast SEO plugin. -->","yoast_head_json":{"title":"Sodni tolma\u010di - YugoTranslate Institute","robots":{"index":"index","follow":"follow","max-snippet":"max-snippet:-1","max-image-preview":"max-image-preview:large","max-video-preview":"max-video-preview:-1"},"canonical":"https:\/\/yugotranslate.si\/sodni-prevodi\/sodni-tolmaci\/","og_locale":"en_US","og_type":"article","og_title":"Sodni tolma\u010di - YugoTranslate Institute","og_url":"https:\/\/yugotranslate.si\/sodni-prevodi\/sodni-tolmaci\/","og_site_name":"YugoTranslate Institute","article_modified_time":"2015-09-23T16:49:24+00:00","twitter_card":"summary_large_image","twitter_misc":{"Est. reading time":"1 minute"},"schema":{"@context":"https:\/\/schema.org","@graph":[{"@type":"WebPage","@id":"https:\/\/yugotranslate.si\/sodni-prevodi\/sodni-tolmaci\/","url":"https:\/\/yugotranslate.si\/sodni-prevodi\/sodni-tolmaci\/","name":"Sodni tolma\u010di - YugoTranslate Institute","isPartOf":{"@id":"https:\/\/yugotranslate.si\/#website"},"datePublished":"2015-08-26T11:28:51+00:00","dateModified":"2015-09-23T16:49:24+00:00","breadcrumb":{"@id":"https:\/\/yugotranslate.si\/sodni-prevodi\/sodni-tolmaci\/#breadcrumb"},"inLanguage":"en-US","potentialAction":[{"@type":"ReadAction","target":["https:\/\/yugotranslate.si\/sodni-prevodi\/sodni-tolmaci\/"]}]},{"@type":"BreadcrumbList","@id":"https:\/\/yugotranslate.si\/sodni-prevodi\/sodni-tolmaci\/#breadcrumb","itemListElement":[{"@type":"ListItem","position":1,"name":"Home","item":"https:\/\/yugotranslate.si\/"},{"@type":"ListItem","position":2,"name":"Certified translations","item":"https:\/\/yugotranslate.si\/sodni-prevodi\/"},{"@type":"ListItem","position":3,"name":"Sodni tolma\u010di"}]},{"@type":"WebSite","@id":"https:\/\/yugotranslate.si\/#website","url":"https:\/\/yugotranslate.si\/","name":"YugoTranslate Institute","description":"Fast, high-quality translations in over 30 languages","potentialAction":[{"@type":"SearchAction","target":{"@type":"EntryPoint","urlTemplate":"https:\/\/yugotranslate.si\/?s={search_term_string}"},"query-input":{"@type":"PropertyValueSpecification","valueRequired":true,"valueName":"search_term_string"}}],"inLanguage":"en-US"}]}},"_links":{"self":[{"href":"https:\/\/yugotranslate.si\/en\/wp-json\/wp\/v2\/pages\/61","targetHints":{"allow":["GET"]}}],"collection":[{"href":"https:\/\/yugotranslate.si\/en\/wp-json\/wp\/v2\/pages"}],"about":[{"href":"https:\/\/yugotranslate.si\/en\/wp-json\/wp\/v2\/types\/page"}],"author":[{"embeddable":true,"href":"https:\/\/yugotranslate.si\/en\/wp-json\/wp\/v2\/users\/2"}],"replies":[{"embeddable":true,"href":"https:\/\/yugotranslate.si\/en\/wp-json\/wp\/v2\/comments?post=61"}],"version-history":[{"count":3,"href":"https:\/\/yugotranslate.si\/en\/wp-json\/wp\/v2\/pages\/61\/revisions"}],"predecessor-version":[{"id":320,"href":"https:\/\/yugotranslate.si\/en\/wp-json\/wp\/v2\/pages\/61\/revisions\/320"}],"up":[{"embeddable":true,"href":"https:\/\/yugotranslate.si\/en\/wp-json\/wp\/v2\/pages\/55"}],"wp:attachment":[{"href":"https:\/\/yugotranslate.si\/en\/wp-json\/wp\/v2\/media?parent=61"}],"curies":[{"name":"wp","href":"https:\/\/api.w.org\/{rel}","templated":true}]}}