{"id":68,"date":"2015-08-26T11:34:22","date_gmt":"2015-08-26T11:34:22","guid":{"rendered":"http:\/\/jugotranslate.si\/?page_id=68"},"modified":"2022-01-09T18:19:59","modified_gmt":"2022-01-09T18:19:59","slug":"kontakt","status":"publish","type":"page","link":"https:\/\/yugotranslate.si\/en\/kontakt\/","title":{"rendered":"Contact"},"content":{"rendered":"<p><strong>YugoTranslate<\/strong><br \/>\nTr\u017ea\u0161ka 2, SI-1000 Ljubljana<\/p>\n<p><strong>mob<\/strong>: ++ 386 (0)40 615 503 (non-stop)<br \/>\n<strong>tel<\/strong>:\u00a0\u00a0 ++386 (0)1 620 77 33 (9:00 AM &#8211; 4:00 PM)<br \/>\n<strong>fax<\/strong>:\u00a0 ++386 (0)1 620 77 34<\/p>\n<p><strong>info@yugotranslate.si<\/strong><\/p>\n<p><strong>Hours of operation (office): 9:00 AM &#8211; 4:00 PM<\/strong><br \/>\n(Tr\u017ea\u0161ka 2, adjacent to the Ljubljana administrative center at Toba\u010dna; our offices are located on the first floor, left of the stairs)<\/p>\n<p><strong>Business information:<\/strong><br \/>\nYugoTranslate<br \/>\nTr\u017ea\u0161ka 2, 1000 Ljubljana, Slovenia<\/p>\n<p><strong>Tax ID number<\/strong>: 49375261<br \/>\n<strong>Registration number<\/strong>: 691150100<br \/>\n<strong>Bank account<\/strong>: SI56 0201 5026 1636 075<\/p>\n","protected":false},"excerpt":{"rendered":"<p>YugoTranslate Tr\u017ea\u0161ka 2, SI-1000 Ljubljana mob: ++ 386 (0)40 615 503 (non-stop) tel:\u00a0\u00a0 ++386 (0)1 620 77 33 (9:00 AM &#8211; 4:00 PM) fax:\u00a0 ++386 (0)1 620 77 34 info@yugotranslate.si Hours of operation (office): 9:00 AM &#8211; 4:00 PM (Tr\u017ea\u0161ka<span class=\"ellipsis\">&hellip;<\/span><\/p>\n<div class=\"read-more\"><a href=\"https:\/\/yugotranslate.si\/en\/kontakt\/\">Read more &#8250;<\/a><\/div>\n<p><!-- end of .read-more --><\/p>\n","protected":false},"author":2,"featured_media":0,"parent":0,"menu_order":7,"comment_status":"closed","ping_status":"closed","template":"","meta":{"_exactmetrics_skip_tracking":false,"_exactmetrics_sitenote_active":false,"_exactmetrics_sitenote_note":"","_exactmetrics_sitenote_category":0,"footnotes":""},"class_list":["post-68","page","type-page","status-publish","hentry"],"translation":{"provider":"WPGlobus","version":"3.0.2","language":"en","enabled_languages":["sl","en","yu"],"languages":{"sl":{"title":true,"content":true,"excerpt":false},"en":{"title":true,"content":true,"excerpt":false},"yu":{"title":false,"content":false,"excerpt":false}}},"yoast_head":"<!-- This site is optimized with the Yoast SEO plugin v27.0 - https:\/\/yoast.com\/product\/yoast-seo-wordpress\/ -->\n<title>Contact - YugoTranslate Institute<\/title>\n<meta name=\"robots\" content=\"index, follow, max-snippet:-1, max-image-preview:large, max-video-preview:-1\" \/>\n<link rel=\"canonical\" href=\"https:\/\/yugotranslate.si\/kontakt\/\" \/>\n<meta property=\"og:locale\" content=\"en_US\" \/>\n<meta property=\"og:type\" content=\"article\" \/>\n<meta property=\"og:title\" content=\"Contact - YugoTranslate Institute\" \/>\n<meta property=\"og:url\" content=\"https:\/\/yugotranslate.si\/kontakt\/\" \/>\n<meta property=\"og:site_name\" content=\"YugoTranslate Institute\" \/>\n<meta property=\"article:modified_time\" content=\"2022-01-09T18:19:59+00:00\" \/>\n<meta property=\"og:image\" content=\"http:\/\/yugotranslate.si\/wp-content\/uploads\/2015\/08\/mapa.jpg\" \/>\n<meta name=\"twitter:card\" content=\"summary_large_image\" \/>\n<meta name=\"twitter:label1\" content=\"Est. reading time\" \/>\n\t<meta name=\"twitter:data1\" content=\"2 minutes\" \/>\n<script type=\"application\/ld+json\" class=\"yoast-schema-graph\">{\"@context\":\"https:\/\/schema.org\",\"@graph\":[{\"@type\":\"WebPage\",\"@id\":\"https:\/\/yugotranslate.si\/kontakt\/\",\"url\":\"https:\/\/yugotranslate.si\/kontakt\/\",\"name\":\"Contact - YugoTranslate Institute\",\"isPartOf\":{\"@id\":\"https:\/\/yugotranslate.si\/#website\"},\"primaryImageOfPage\":{\"@id\":\"https:\/\/yugotranslate.si\/kontakt\/#primaryimage\"},\"image\":{\"@id\":\"https:\/\/yugotranslate.si\/kontakt\/#primaryimage\"},\"thumbnailUrl\":\"http:\/\/yugotranslate.si\/wp-content\/uploads\/2015\/08\/mapa.jpg\",\"datePublished\":\"2015-08-26T11:34:22+00:00\",\"dateModified\":\"2022-01-09T18:19:59+00:00\",\"breadcrumb\":{\"@id\":\"https:\/\/yugotranslate.si\/kontakt\/#breadcrumb\"},\"inLanguage\":\"en-US\",\"potentialAction\":[{\"@type\":\"ReadAction\",\"target\":[\"https:\/\/yugotranslate.si\/kontakt\/\"]}]},{\"@type\":\"ImageObject\",\"inLanguage\":\"en-US\",\"@id\":\"https:\/\/yugotranslate.si\/kontakt\/#primaryimage\",\"url\":\"http:\/\/yugotranslate.si\/wp-content\/uploads\/2015\/08\/mapa.jpg\",\"contentUrl\":\"http:\/\/yugotranslate.si\/wp-content\/uploads\/2015\/08\/mapa.jpg\"},{\"@type\":\"BreadcrumbList\",\"@id\":\"https:\/\/yugotranslate.si\/kontakt\/#breadcrumb\",\"itemListElement\":[{\"@type\":\"ListItem\",\"position\":1,\"name\":\"Home\",\"item\":\"https:\/\/yugotranslate.si\/\"},{\"@type\":\"ListItem\",\"position\":2,\"name\":\"Kontakt\"}]},{\"@type\":\"WebSite\",\"@id\":\"https:\/\/yugotranslate.si\/#website\",\"url\":\"https:\/\/yugotranslate.si\/\",\"name\":\"YugoTranslate Institute\",\"description\":\"Fast, high-quality translations in over 30 languages\",\"potentialAction\":[{\"@type\":\"SearchAction\",\"target\":{\"@type\":\"EntryPoint\",\"urlTemplate\":\"https:\/\/yugotranslate.si\/?s={search_term_string}\"},\"query-input\":{\"@type\":\"PropertyValueSpecification\",\"valueRequired\":true,\"valueName\":\"search_term_string\"}}],\"inLanguage\":\"en-US\"}]}<\/script>\n<!-- \/ Yoast SEO plugin. -->","yoast_head_json":{"title":"Contact - YugoTranslate Institute","robots":{"index":"index","follow":"follow","max-snippet":"max-snippet:-1","max-image-preview":"max-image-preview:large","max-video-preview":"max-video-preview:-1"},"canonical":"https:\/\/yugotranslate.si\/kontakt\/","og_locale":"en_US","og_type":"article","og_title":"Contact - YugoTranslate Institute","og_url":"https:\/\/yugotranslate.si\/kontakt\/","og_site_name":"YugoTranslate Institute","article_modified_time":"2022-01-09T18:19:59+00:00","og_image":[{"url":"http:\/\/yugotranslate.si\/wp-content\/uploads\/2015\/08\/mapa.jpg","type":"","width":"","height":""}],"twitter_card":"summary_large_image","twitter_misc":{"Est. reading time":"2 minutes"},"schema":{"@context":"https:\/\/schema.org","@graph":[{"@type":"WebPage","@id":"https:\/\/yugotranslate.si\/kontakt\/","url":"https:\/\/yugotranslate.si\/kontakt\/","name":"Contact - YugoTranslate Institute","isPartOf":{"@id":"https:\/\/yugotranslate.si\/#website"},"primaryImageOfPage":{"@id":"https:\/\/yugotranslate.si\/kontakt\/#primaryimage"},"image":{"@id":"https:\/\/yugotranslate.si\/kontakt\/#primaryimage"},"thumbnailUrl":"http:\/\/yugotranslate.si\/wp-content\/uploads\/2015\/08\/mapa.jpg","datePublished":"2015-08-26T11:34:22+00:00","dateModified":"2022-01-09T18:19:59+00:00","breadcrumb":{"@id":"https:\/\/yugotranslate.si\/kontakt\/#breadcrumb"},"inLanguage":"en-US","potentialAction":[{"@type":"ReadAction","target":["https:\/\/yugotranslate.si\/kontakt\/"]}]},{"@type":"ImageObject","inLanguage":"en-US","@id":"https:\/\/yugotranslate.si\/kontakt\/#primaryimage","url":"http:\/\/yugotranslate.si\/wp-content\/uploads\/2015\/08\/mapa.jpg","contentUrl":"http:\/\/yugotranslate.si\/wp-content\/uploads\/2015\/08\/mapa.jpg"},{"@type":"BreadcrumbList","@id":"https:\/\/yugotranslate.si\/kontakt\/#breadcrumb","itemListElement":[{"@type":"ListItem","position":1,"name":"Home","item":"https:\/\/yugotranslate.si\/"},{"@type":"ListItem","position":2,"name":"Kontakt"}]},{"@type":"WebSite","@id":"https:\/\/yugotranslate.si\/#website","url":"https:\/\/yugotranslate.si\/","name":"YugoTranslate Institute","description":"Fast, high-quality translations in over 30 languages","potentialAction":[{"@type":"SearchAction","target":{"@type":"EntryPoint","urlTemplate":"https:\/\/yugotranslate.si\/?s={search_term_string}"},"query-input":{"@type":"PropertyValueSpecification","valueRequired":true,"valueName":"search_term_string"}}],"inLanguage":"en-US"}]}},"_links":{"self":[{"href":"https:\/\/yugotranslate.si\/en\/wp-json\/wp\/v2\/pages\/68","targetHints":{"allow":["GET"]}}],"collection":[{"href":"https:\/\/yugotranslate.si\/en\/wp-json\/wp\/v2\/pages"}],"about":[{"href":"https:\/\/yugotranslate.si\/en\/wp-json\/wp\/v2\/types\/page"}],"author":[{"embeddable":true,"href":"https:\/\/yugotranslate.si\/en\/wp-json\/wp\/v2\/users\/2"}],"replies":[{"embeddable":true,"href":"https:\/\/yugotranslate.si\/en\/wp-json\/wp\/v2\/comments?post=68"}],"version-history":[{"count":51,"href":"https:\/\/yugotranslate.si\/en\/wp-json\/wp\/v2\/pages\/68\/revisions"}],"predecessor-version":[{"id":2522,"href":"https:\/\/yugotranslate.si\/en\/wp-json\/wp\/v2\/pages\/68\/revisions\/2522"}],"wp:attachment":[{"href":"https:\/\/yugotranslate.si\/en\/wp-json\/wp\/v2\/media?parent=68"}],"curies":[{"name":"wp","href":"https:\/\/api.w.org\/{rel}","templated":true}]}}