{"id":9,"date":"2015-08-26T10:48:07","date_gmt":"2015-08-26T10:48:07","guid":{"rendered":"http:\/\/jugotranslate.si\/?page_id=9"},"modified":"2019-07-27T07:05:53","modified_gmt":"2019-07-27T07:05:53","slug":"prevajanje","status":"publish","type":"page","link":"https:\/\/yugotranslate.si\/en\/prevajanje\/","title":{"rendered":"Translation"},"content":{"rendered":"<p>YugoTranslate offers comprehensive translation services for written texts, speech and official documents. We provide translations of all types of texts and documents to and from all European and world languages.<\/p>\n<p><strong>We guarantee quality, expertise and accuracy at an affordable price for work in over 30 languages. We also guarantee the full confidentiality of our clients\u2019 documents.<\/strong><\/p>\n<p>Our experienced professional translators can provide fast, quality <strong>translation<\/strong>, <strong>proof-reading<\/strong> and<strong> intepreting services<\/strong> for a wide range of fields:<\/p>\n<ul>\n<li>Legal<\/li>\n<li>Financial<\/li>\n<li>Humanities<\/li>\n<li>Science<\/li>\n<li>Literature and publication<\/li>\n<li>Marketing and PR<\/li>\n<li>Technology and IT<\/li>\n<li>Medical<\/li>\n<li>Construction<\/li>\n<li>Tourism<\/li>\n<li>Sports<\/li>\n<\/ul>\n<p>We specialize in <strong>TRANSLATING YUGOSLAVIAN LANGUAGES,<\/strong> for which we offer high-quality translations at an especially affordable price. We\u2019ve introduced a special service for languages or language variants derived from the former \u201cSerbo-Croatian\u201d language (Serbian, Croatian, Montenegrin, Bosnian): <strong>TEXT ADAPTATION AND LOCALIZATION<\/strong>.<\/p>\n<p>Clients get the same high degree of quality for an even lower price: 50% off the standard rate for Yugoslavian languages.<br \/>\n<strong>PROOF-READING AND TEXT EDITING<\/strong> are included in the price of our translations. If a client specifically orders proof-reading services, proof-reading of their text or additional proof-reading of our translation is provided by an experienced proof-reader with expertise in the specific field.<\/p>\n<p>Need a <strong>FAST TRANSLATION?<\/strong> Our team of YugoTranslate translators can guarantee delivery of 5 to 30 (South Slavic languages) translated pages within 24 hours. We offer same-day delivery for single-language certified translations. With urgent translations, clients can expect the same affordable price and high quaility.<\/p>\n<p>Our certified interpreters can provide <strong>CERTIFIED TRANSLATIONS<\/strong> of official documents and offer reliable, high-quality <strong>SIMULTANEOUS AND CONSECUTIVE INTEPRETATION SERVICES<\/strong>.<\/p>\n<p><em><strong>YugoTranslate. The right translation for your language. For our language!<\/strong><\/em><\/p>\n","protected":false},"excerpt":{"rendered":"<p>YugoTranslate offers comprehensive translation services for written texts, speech and official documents. We provide translations of all types of texts and documents to and from all European and world languages. We guarantee quality, expertise and accuracy at an affordable price<span class=\"ellipsis\">&hellip;<\/span><\/p>\n<div class=\"read-more\"><a href=\"https:\/\/yugotranslate.si\/en\/prevajanje\/\">Read more &#8250;<\/a><\/div>\n<p><!-- end of .read-more --><\/p>\n","protected":false},"author":2,"featured_media":0,"parent":0,"menu_order":0,"comment_status":"closed","ping_status":"closed","template":"","meta":{"_exactmetrics_skip_tracking":false,"_exactmetrics_sitenote_active":false,"_exactmetrics_sitenote_note":"","_exactmetrics_sitenote_category":0,"footnotes":""},"class_list":["post-9","page","type-page","status-publish","hentry"],"translation":{"provider":"WPGlobus","version":"3.0.2","language":"en","enabled_languages":["sl","en","yu"],"languages":{"sl":{"title":true,"content":true,"excerpt":false},"en":{"title":true,"content":true,"excerpt":false},"yu":{"title":true,"content":false,"excerpt":false}}},"yoast_head":"<!-- This site is optimized with the Yoast SEO plugin v27.0 - https:\/\/yoast.com\/product\/yoast-seo-wordpress\/ -->\n<title>Prevajanje in sodno prevajanje | Zavod YugoTranslate<\/title>\n<meta name=\"robots\" content=\"index, follow, max-snippet:-1, max-image-preview:large, max-video-preview:-1\" \/>\n<link rel=\"canonical\" href=\"https:\/\/yugotranslate.si\/prevajanje\/\" \/>\n<meta property=\"og:locale\" content=\"en_US\" \/>\n<meta property=\"og:type\" content=\"article\" \/>\n<meta property=\"og:title\" content=\"Translation - YugoTranslate Institute\" \/>\n<meta property=\"og:url\" content=\"https:\/\/yugotranslate.si\/prevajanje\/\" \/>\n<meta property=\"og:site_name\" content=\"YugoTranslate Institute\" \/>\n<meta property=\"article:modified_time\" content=\"2019-07-27T07:05:53+00:00\" \/>\n<meta property=\"og:image\" content=\"https:\/\/yugotranslate.si\/wp-content\/uploads\/2015\/08\/Human_Language_Families_Map.png\" \/>\n<meta name=\"twitter:card\" content=\"summary_large_image\" \/>\n<meta name=\"twitter:label1\" content=\"Est. reading time\" \/>\n\t<meta name=\"twitter:data1\" content=\"3 minutes\" \/>\n<script type=\"application\/ld+json\" class=\"yoast-schema-graph\">{\"@context\":\"https:\/\/schema.org\",\"@graph\":[{\"@type\":\"WebPage\",\"@id\":\"https:\/\/yugotranslate.si\/prevajanje\/\",\"url\":\"https:\/\/yugotranslate.si\/prevajanje\/\",\"name\":\"Prevajanje in sodno prevajanje | Zavod YugoTranslate\",\"isPartOf\":{\"@id\":\"https:\/\/yugotranslate.si\/#website\"},\"primaryImageOfPage\":{\"@id\":\"https:\/\/yugotranslate.si\/prevajanje\/#primaryimage\"},\"image\":{\"@id\":\"https:\/\/yugotranslate.si\/prevajanje\/#primaryimage\"},\"thumbnailUrl\":\"https:\/\/yugotranslate.si\/wp-content\/uploads\/2015\/08\/Human_Language_Families_Map.png\",\"datePublished\":\"2015-08-26T10:48:07+00:00\",\"dateModified\":\"2019-07-27T07:05:53+00:00\",\"description\":\"Ugodno pisno, ustno in sodno prevajanje vseh vrst besedil in dokumentov. Jam\u010dimo kakovost, strokovnost in natan\u010dnost po razumnih cenah v ve\u010d kot 30 jezikov.\",\"breadcrumb\":{\"@id\":\"https:\/\/yugotranslate.si\/prevajanje\/#breadcrumb\"},\"inLanguage\":\"en-US\",\"potentialAction\":[{\"@type\":\"ReadAction\",\"target\":[\"https:\/\/yugotranslate.si\/prevajanje\/\"]}]},{\"@type\":\"ImageObject\",\"inLanguage\":\"en-US\",\"@id\":\"https:\/\/yugotranslate.si\/prevajanje\/#primaryimage\",\"url\":\"https:\/\/yugotranslate.si\/wp-content\/uploads\/2015\/08\/Human_Language_Families_Map.png\",\"contentUrl\":\"https:\/\/yugotranslate.si\/wp-content\/uploads\/2015\/08\/Human_Language_Families_Map.png\"},{\"@type\":\"BreadcrumbList\",\"@id\":\"https:\/\/yugotranslate.si\/prevajanje\/#breadcrumb\",\"itemListElement\":[{\"@type\":\"ListItem\",\"position\":1,\"name\":\"Home\",\"item\":\"https:\/\/yugotranslate.si\/\"},{\"@type\":\"ListItem\",\"position\":2,\"name\":\"Prevajanje\"}]},{\"@type\":\"WebSite\",\"@id\":\"https:\/\/yugotranslate.si\/#website\",\"url\":\"https:\/\/yugotranslate.si\/\",\"name\":\"YugoTranslate Institute\",\"description\":\"Fast, high-quality translations in over 30 languages\",\"potentialAction\":[{\"@type\":\"SearchAction\",\"target\":{\"@type\":\"EntryPoint\",\"urlTemplate\":\"https:\/\/yugotranslate.si\/?s={search_term_string}\"},\"query-input\":{\"@type\":\"PropertyValueSpecification\",\"valueRequired\":true,\"valueName\":\"search_term_string\"}}],\"inLanguage\":\"en-US\"}]}<\/script>\n<!-- \/ Yoast SEO plugin. -->","yoast_head_json":{"title":"Prevajanje in sodno prevajanje | Zavod YugoTranslate","robots":{"index":"index","follow":"follow","max-snippet":"max-snippet:-1","max-image-preview":"max-image-preview:large","max-video-preview":"max-video-preview:-1"},"canonical":"https:\/\/yugotranslate.si\/prevajanje\/","og_locale":"en_US","og_type":"article","og_title":"Translation - YugoTranslate Institute","og_url":"https:\/\/yugotranslate.si\/prevajanje\/","og_site_name":"YugoTranslate Institute","article_modified_time":"2019-07-27T07:05:53+00:00","og_image":[{"url":"https:\/\/yugotranslate.si\/wp-content\/uploads\/2015\/08\/Human_Language_Families_Map.png","type":"","width":"","height":""}],"twitter_card":"summary_large_image","twitter_misc":{"Est. reading time":"3 minutes"},"schema":{"@context":"https:\/\/schema.org","@graph":[{"@type":"WebPage","@id":"https:\/\/yugotranslate.si\/prevajanje\/","url":"https:\/\/yugotranslate.si\/prevajanje\/","name":"Prevajanje in sodno prevajanje | Zavod YugoTranslate","isPartOf":{"@id":"https:\/\/yugotranslate.si\/#website"},"primaryImageOfPage":{"@id":"https:\/\/yugotranslate.si\/prevajanje\/#primaryimage"},"image":{"@id":"https:\/\/yugotranslate.si\/prevajanje\/#primaryimage"},"thumbnailUrl":"https:\/\/yugotranslate.si\/wp-content\/uploads\/2015\/08\/Human_Language_Families_Map.png","datePublished":"2015-08-26T10:48:07+00:00","dateModified":"2019-07-27T07:05:53+00:00","description":"Ugodno pisno, ustno in sodno prevajanje vseh vrst besedil in dokumentov. Jam\u010dimo kakovost, strokovnost in natan\u010dnost po razumnih cenah v ve\u010d kot 30 jezikov.","breadcrumb":{"@id":"https:\/\/yugotranslate.si\/prevajanje\/#breadcrumb"},"inLanguage":"en-US","potentialAction":[{"@type":"ReadAction","target":["https:\/\/yugotranslate.si\/prevajanje\/"]}]},{"@type":"ImageObject","inLanguage":"en-US","@id":"https:\/\/yugotranslate.si\/prevajanje\/#primaryimage","url":"https:\/\/yugotranslate.si\/wp-content\/uploads\/2015\/08\/Human_Language_Families_Map.png","contentUrl":"https:\/\/yugotranslate.si\/wp-content\/uploads\/2015\/08\/Human_Language_Families_Map.png"},{"@type":"BreadcrumbList","@id":"https:\/\/yugotranslate.si\/prevajanje\/#breadcrumb","itemListElement":[{"@type":"ListItem","position":1,"name":"Home","item":"https:\/\/yugotranslate.si\/"},{"@type":"ListItem","position":2,"name":"Prevajanje"}]},{"@type":"WebSite","@id":"https:\/\/yugotranslate.si\/#website","url":"https:\/\/yugotranslate.si\/","name":"YugoTranslate Institute","description":"Fast, high-quality translations in over 30 languages","potentialAction":[{"@type":"SearchAction","target":{"@type":"EntryPoint","urlTemplate":"https:\/\/yugotranslate.si\/?s={search_term_string}"},"query-input":{"@type":"PropertyValueSpecification","valueRequired":true,"valueName":"search_term_string"}}],"inLanguage":"en-US"}]}},"_links":{"self":[{"href":"https:\/\/yugotranslate.si\/en\/wp-json\/wp\/v2\/pages\/9","targetHints":{"allow":["GET"]}}],"collection":[{"href":"https:\/\/yugotranslate.si\/en\/wp-json\/wp\/v2\/pages"}],"about":[{"href":"https:\/\/yugotranslate.si\/en\/wp-json\/wp\/v2\/types\/page"}],"author":[{"embeddable":true,"href":"https:\/\/yugotranslate.si\/en\/wp-json\/wp\/v2\/users\/2"}],"replies":[{"embeddable":true,"href":"https:\/\/yugotranslate.si\/en\/wp-json\/wp\/v2\/comments?post=9"}],"version-history":[{"count":118,"href":"https:\/\/yugotranslate.si\/en\/wp-json\/wp\/v2\/pages\/9\/revisions"}],"predecessor-version":[{"id":2506,"href":"https:\/\/yugotranslate.si\/en\/wp-json\/wp\/v2\/pages\/9\/revisions\/2506"}],"wp:attachment":[{"href":"https:\/\/yugotranslate.si\/en\/wp-json\/wp\/v2\/media?parent=9"}],"curies":[{"name":"wp","href":"https:\/\/api.w.org\/{rel}","templated":true}]}}