{"id":13,"date":"2015-08-26T10:49:08","date_gmt":"2015-08-26T10:49:08","guid":{"rendered":"http:\/\/jugotranslate.si\/?page_id=13"},"modified":"2026-01-21T11:32:19","modified_gmt":"2026-01-21T11:32:19","slug":"cenik","status":"publish","type":"page","link":"https:\/\/yugotranslate.si\/yu\/cenik\/","title":{"rendered":"Cenik"},"content":{"rendered":"<table class=\"cenik_table\" style=\"height: 744px;\" width=\"617\">\n<tbody>\n<tr>\n<td colspan=\"6\">\n<h1 class=\"cenik_title\" style=\"text-align: center;\">CENIK PREVAJALSKIH STORITEV*<\/h1>\n<h2 class=\"cenik_subtitle\" style=\"text-align: center;\">1 prevajalska stran = 1.500 znakov brez presledkov<\/h2>\n<pre class=\"cenik_title\" style=\"text-align: center;\"><\/pre>\n<p style=\"text-align: center;\"><span style=\"color: #000000;\">* Cenik je okviren. Dokon\u010dna cena je odvisna od smeri prevajanja, zahtevnosti in koli\u010dine besedila ter roka izvedbe. Pokli\u010dite ali pi\u0161ite za hitro, brezpla\u010dno in neobvezujo\u010do ponudbo:<br \/>\n<strong>040 615 503<\/strong> \/<strong> info@yugotranslate.si<\/strong><\/span><\/p>\n<\/td>\n<\/tr>\n<tr class=\"odd\">\n<th>JEZIK<\/th>\n<th>PREVOD<span style=\"font-size: 10px; font-weight: 400; line-height: 10px;\">1 stran<br \/>\n<\/span><\/th>\n<th>SODNI<br \/>\nPREVOD<br \/>\n<span style=\"font-size: 10px; font-weight: 400; line-height: 10px;\">1 stran<\/span><\/th>\n<th>LEKTURA<span style=\"font-size: 10px; font-weight: 400; line-height: 10px;\">1 stran<\/span><\/th>\n<th>TOLMA\u010cENJE<span style=\"font-size: 10px; font-weight: 400; line-height: 10px;\">1 ura<br \/>\n<\/span><\/th>\n<th>PRILAGODITEV<span style=\"font-size: 10px; font-weight: 400; line-height: 10px;\">1 stran<br \/>\n<\/span><\/th>\n<\/tr>\n<tr class=\"even\">\n<td><strong>Sloven\u0161\u010dina<\/strong><\/td>\n<td style=\"text-align: center;\">\/<\/td>\n<td style=\"text-align: center;\">\/<\/td>\n<td style=\"text-align: center;\">5-7<span class=\"st\">\u20ac<\/span><\/td>\n<td style=\"text-align: center;\">\/<\/td>\n<td style=\"text-align: center;\">\/<\/td>\n<\/tr>\n<tr class=\"odd\">\n<td><strong>Srb\u0161\u010dina<\/strong><\/td>\n<td style=\"text-align: center;\">15-20<span class=\"st\">\u20ac<\/span><\/td>\n<td style=\"text-align: center;\"><span class=\"st\">30-35\u20ac<\/span><\/td>\n<td style=\"text-align: center;\">8-10 <span class=\"st\">\u20ac<\/span><\/td>\n<td style=\"text-align: center;\"><span class=\"st\">120-150\u20ac<\/span><\/td>\n<td style=\"text-align: center;\">8-10 <span class=\"st\">\u20ac<\/span><\/td>\n<\/tr>\n<tr class=\"odd\">\n<td><strong>Hrva\u0161\u010dina<\/strong><\/td>\n<td style=\"text-align: center;\">15-20<span class=\"st\">\u20ac<\/span><\/td>\n<td style=\"text-align: center;\"><span class=\"st\"><span class=\"st\">30-35\u20ac<\/span><\/span><\/td>\n<td style=\"text-align: center;\"><span class=\"st\">8-10\u20ac<\/span><\/td>\n<td style=\"text-align: center;\"><span class=\"st\">120-150\u20ac<\/span><\/td>\n<td style=\"text-align: center;\">8-10 <span class=\"st\">\u20ac<\/span><\/td>\n<\/tr>\n<tr class=\"odd\">\n<td><strong>Bosan\u0161\u010dina<\/strong><\/td>\n<td style=\"text-align: center;\"><span class=\"st\">15-20<span class=\"st\">\u20ac<\/span><\/span><\/td>\n<td style=\"text-align: center;\"><span class=\"st\">30-35\u20ac<\/span><\/td>\n<td style=\"text-align: center;\">\u00a08-10 <span class=\"st\">\u20ac<\/span><\/td>\n<td style=\"text-align: center;\"><span class=\"st\">120-150\u20ac<\/span><\/td>\n<td style=\"text-align: center;\">8-10 <span class=\"st\">\u20ac<\/span><\/td>\n<\/tr>\n<tr class=\"odd\">\n<td><strong>\u010crnogor\u0161\u010dina<\/strong><\/td>\n<td style=\"text-align: center;\"><span class=\"st\"><span class=\"st\">15-20<span class=\"st\">\u20ac<\/span><\/span> <\/span><\/td>\n<td style=\"text-align: center;\"><span class=\"st\">30-35\u20ac<\/span><\/td>\n<td style=\"text-align: center;\">8-10<span class=\"st\">\u20ac<\/span><\/td>\n<td style=\"text-align: center;\"><span class=\"st\">120-150\u20ac<\/span><\/td>\n<td style=\"text-align: center;\">8-10 <span class=\"st\">\u20ac<\/span><\/td>\n<\/tr>\n<tr class=\"odd\">\n<td><strong>Makedon\u0161\u010dina<\/strong><\/td>\n<td style=\"text-align: center;\"><span class=\"st\">20-25<span class=\"st\">\u20ac<\/span><\/span><\/td>\n<td style=\"text-align: center;\"><span class=\"st\"><span class=\"st\">35-40\u20ac <\/span><\/span><\/td>\n<td style=\"text-align: center;\">8-10 <span class=\"st\">\u20ac<\/span><\/td>\n<td style=\"text-align: center;\"><span class=\"st\">120-150<\/span><span class=\"st\">\u20ac<\/span><\/td>\n<td style=\"text-align: center;\"><\/td>\n<\/tr>\n<tr class=\"odd\">\n<td><strong>Alban\u0161\u010dina<\/strong><\/td>\n<td style=\"text-align: center;\">20-25<span class=\"st\">\u20ac<\/span><\/td>\n<td style=\"text-align: center;\">35<span class=\"st\">-40\u20ac<\/span><\/td>\n<td style=\"text-align: center;\"><span class=\"st\">8-10 \u20ac<\/span><\/td>\n<td style=\"text-align: center;\"><span class=\"st\">120-150\u20ac<\/span><\/td>\n<td style=\"text-align: center;\">\/<\/td>\n<\/tr>\n<tr class=\"even\">\n<td><strong>Angle\u0161\u010dina<\/strong><\/td>\n<td style=\"text-align: center;\">20-25<span class=\"st\">\u20ac<\/span><\/td>\n<td style=\"text-align: center;\">35-40<span class=\"st\">\u20ac<\/span><\/td>\n<td style=\"text-align: center;\"><span class=\"st\">8-10 <\/span><span class=\"st\">\u20ac<\/span><\/td>\n<td style=\"text-align: center;\"><span class=\"st\">120-150<\/span><span class=\"st\">\u20ac<\/span><\/td>\n<td style=\"text-align: center;\">\/<\/td>\n<\/tr>\n<tr class=\"even\">\n<td><strong>Nem\u0161\u010dina<\/strong><\/td>\n<td style=\"text-align: center;\"><span class=\"st\"><span class=\"st\">20-25<span class=\"st\">\u20ac<\/span><\/span><\/span><\/td>\n<td style=\"text-align: center;\"><span class=\"st\">35-40<span class=\"st\">\u20ac<\/span><\/span><\/td>\n<td style=\"text-align: center;\"><span class=\"st\">10-12<\/span>\u00a0<span class=\"st\">\u20ac<\/span><\/td>\n<td style=\"text-align: center;\"><span class=\"st\">120-150<\/span><span class=\"st\">\u20ac<\/span><\/td>\n<td style=\"text-align: center;\">\/<\/td>\n<\/tr>\n<tr class=\"even\">\n<td><strong>Ru\u0161\u010dina<\/strong><\/td>\n<td style=\"text-align: center;\"><span class=\"st\">22-27<span class=\"st\">\u20ac<\/span><\/span><\/td>\n<td style=\"text-align: center;\">40-45<span class=\"st\">\u20ac<\/span><\/td>\n<td style=\"text-align: center;\"><span class=\"st\">10-12 <\/span><span class=\"st\">\u20ac<\/span><\/td>\n<td style=\"text-align: center;\"><span class=\"st\">120-150\u20ac<\/span><\/td>\n<td style=\"text-align: center;\">\/<\/td>\n<\/tr>\n<tr class=\"even\">\n<td><strong>\u0160pan\u0161\u010dina<\/strong><\/td>\n<td style=\"text-align: center;\"><span class=\"st\">22-27<span class=\"st\">\u20ac<\/span><\/span><\/td>\n<td style=\"text-align: center;\"><span class=\"st\">40-45<span class=\"st\">\u20ac<\/span><\/span><\/td>\n<td style=\"text-align: center;\"><span class=\"st\">10-12<\/span><span class=\"st\">\u20ac<\/span><\/td>\n<td style=\"text-align: center;\"><span class=\"st\">120-150\u20ac<\/span><\/td>\n<td style=\"text-align: center;\">\/<\/td>\n<\/tr>\n<tr class=\"even\">\n<td><strong>Italijan\u0161\u010dina<\/strong><\/td>\n<td style=\"text-align: center;\"><span class=\"st\">22-27<span class=\"st\">\u20ac<\/span><\/span><\/td>\n<td style=\"text-align: center;\">40-45<span class=\"st\">\u20ac<\/span><\/td>\n<td style=\"text-align: center;\"><span class=\"st\">10-12 <\/span><span class=\"st\">\u20ac<\/span><\/td>\n<td style=\"text-align: center;\"><span class=\"st\">120-150\u20ac<\/span><\/td>\n<td style=\"text-align: center;\">\/<\/td>\n<\/tr>\n<tr class=\"even\">\n<td><strong>Franco\u0161\u010dina<\/strong><\/td>\n<td style=\"text-align: center;\"><span class=\"st\">22-27<span class=\"st\">\u20ac<\/span><\/span><\/td>\n<td style=\"text-align: center;\"><span class=\"st\">50-55<span class=\"st\">\u20ac<\/span><\/span><\/td>\n<td style=\"text-align: center;\"><span class=\"st\">10-12<\/span>\u00a0<span class=\"st\">\u20ac<\/span><\/td>\n<td style=\"text-align: center;\"><span class=\"st\">120-150\u20ac<\/span><\/td>\n<td style=\"text-align: center;\">\/<\/td>\n<\/tr>\n<tr class=\"even\">\n<td><strong>Drugi jeziki<\/strong><\/td>\n<td style=\"text-align: center;\"><span class=\"st\">30-45\u20ac<\/span><\/td>\n<td style=\"text-align: center;\"><span class=\"st\">40-60\u20ac<\/span><\/td>\n<td style=\"text-align: center;\">\/<\/td>\n<td style=\"text-align: center;\">120-150<span class=\"st\">\u20ac<\/span><\/td>\n<td style=\"text-align: center;\">\/<\/td>\n<\/tr>\n<\/tbody>\n<\/table>\n<p style=\"text-align: justify;\"><span style=\"color: #800000;\"><strong>POPUSTI<\/strong><\/span><br \/>\nPokli\u010dite ali pi\u0161ite za morebitne popuste:<br \/>\n\u2022 <strong>Promocijski popusti<\/strong> za prvo naro\u010dilo<br \/>\n\u2022 <strong>Koli\u010dinski popusti<\/strong> za ve\u010dje \u0161tevilo strani<br \/>\n\u2022 <strong>Popusti zvestobe<\/strong> za stalne stranke<\/p>\n<p style=\"text-align: justify;\"><span style=\"color: #800000;\"><strong>NA\u010cIN OBRA\u010cUNAVANJA<\/strong><\/span><br \/>\n\u2022 <strong>Prevajalska stran<\/strong> \u0161teje<strong> 1.500 znakov brez presledkov<\/strong>. Minimalna obra\u010dunska enota je 1 avtorska stran.<br \/>\n\u2022 \u010ce je pre\u0161tevanje znakov mogo\u010de, se <strong>pri kon\u010dnem obra\u010dunu<\/strong> <strong>upo\u0161teva \u0161tevilo strani v izvirniku<\/strong>, v nasprotnem primeru se upo\u0161teva \u0161tevilo znakov v prevodu, predra\u010dun pa je informativne narave.<br \/>\n\u2022 <strong>Obra\u010dunska enota tolma\u010denja<\/strong> <strong>je 1<\/strong> <strong>ura<\/strong>.\u00a0Minimalna obra\u010dunska enota je 30 minut. Ura \u010dakanja in morebitni stro\u0161ki prevoza se obra\u010dunajo posebej.<br \/>\n\u2022 Pri <strong>sodno overjenih prevodih<\/strong> uradnih dokumentov se manj kot ena pravajalska stran po dokumentu\u00a0<strong>ne obra\u010duna<\/strong>. \u010ce posemezni dokument ima manj kot 1.500 znakov, se torej obra\u010duna 1 avtorska stran, \u010de je znakov ve\u010d pa se pri obra\u010dunu upo\u0161teva dejansko \u0161tevilo znakov v prevodu dokumenta.\u00a0\u00a0\u00a0\u00a0\u00a0\u00a0\u00a0\u00a0\u00a0\u00a0\u00a0\u00a0\u00a0\u00a0\u00a0\u00a0\u00a0\u00a0 \u00a0 \u00a0 \u00a0 \u00a0 \u00a0 \u00a0 \u00a0 \u00a0 \u00a0 \u00a0 \u00a0 \u00a0 \u00a0 \u00a0 \u00a0 \u00a0 \u00a0 \u00a0 \u00a0 \u00a0 \u00a0 \u00a0 \u00a0 \u00a0 \u00a0 \u00a0 \u00a0 \u00a0 \u00a0 \u00a0 \u00a0 \u00a0 \u00a0 \u00a0 \u00a0 \u00a0 \u00a0 \u00a0 \u00a0 \u00a0 \u00a0 \u00a0 \u00a0 \u00a0 \u00a0 \u00a0 \u00a0 \u00a0 \u00a0\u00a0 \u2022 <strong>Dvojniki<\/strong> <strong>sodno overjenih prevodov <\/strong>zna\u0161ajo 50% cene izvirnika.<\/p>\n<p style=\"text-align: justify;\"><span style=\"color: #800000;\"><strong>NA\u010cIN PLA\u010cILA<\/strong><\/span><br \/>\n\u2022 <strong>Pravne osebe<\/strong> pla\u010date ra\u010dun, ki vam ga izstavimo po opravljani prevajalski storitvi. <strong>Rok pla\u010dila je 5 dni<\/strong>, razen \u010de ni druga\u010de dogovorjeno.<br \/>\n\u2022 <strong>Fizi\u010dne osebe<\/strong> pla\u010date ra\u010dun po opravljeni prevajalski strotivi, <strong>ob osebnem prevzemu prevoda<\/strong>. \u010ce pa vam prevod po\u0161iljamo po navadni ali elektronski po\u0161ti, storitev pla\u010date <strong>prek polo\u017enice ali e-ban\u010dinstva<\/strong>. Prevajalsko storitev vam po\u0161ljemo takoj po prejetem pla\u010dilu oz. potrdilu o pla\u010dilu, ki nam ga<strong> posredujete po e-po\u0161ti ali faxu<\/strong>.<\/p>\n<p style=\"text-align: justify;\">* Zgornji cenik prevajalskih storitev vsebuje samo jugoslovanske in najpogosteje iskane svetovne jezike. Poleg navedenih vam lahko zagotovimo kakovostne navadne in\/ali sodno overjene prevode ter tolma\u010denje za naslednje jezike: <strong>bolgar\u0161\u010dina<\/strong>, <strong>\u010de\u0161\u010dina<\/strong>, <strong>polj\u0161\u010dina<\/strong>, <strong>mad\u017ear\u0161\u010dina<\/strong>, <strong>ukrajin\u0161\u010dina<\/strong>, <strong>slova\u0161\u010dina<\/strong>, <strong>nizozem\u0161\u010dina<\/strong>, <strong>kitaj\u0161\u010dina<\/strong>, <strong>arab\u0161\u010dina<\/strong> itn.<br \/>\nCene <span id=\"snippet_meta_sl\" class=\"desc desc-default showIcon wpglobus-snippet_meta\" contenteditable=\"true\" data-language=\"sl\">teh prevodov<\/span> se gibljejo med <strong>20-30\u20ac\/stran<\/strong> za navadne in <strong>35-50\u20ac\/stran<\/strong> za sodno overjene prevode, cenik navadnega ali sodnega tolma\u010denja pa je med<strong> 110-140\u20ac\/uro<\/strong>. <strong><br \/>\n<\/strong><\/p>\n<p style=\"text-align: justify;\"><strong>\u00a0<\/strong><strong><span style=\"color: #993300;\">\u00a0\u00a0 <a href=\"http:\/\/yugotranslate.si\/wp-content\/uploads\/2015\/08\/yugologo.jpg\"><img loading=\"lazy\" decoding=\"async\" class=\"alignnone wp-image-2172\" title=\"Cenik - YugoTranslate\" src=\"http:\/\/yugotranslate.si\/wp-content\/uploads\/2015\/08\/yugologo.jpg\" alt=\"cenik\" width=\"409\" height=\"116\" srcset=\"https:\/\/yugotranslate.si\/wp-content\/uploads\/2015\/08\/yugologo.jpg 400w, https:\/\/yugotranslate.si\/wp-content\/uploads\/2015\/08\/yugologo-300x85.jpg 300w, https:\/\/yugotranslate.si\/wp-content\/uploads\/2015\/08\/yugologo-100x28.jpg 100w, https:\/\/yugotranslate.si\/wp-content\/uploads\/2015\/08\/yugologo-150x42.jpg 150w, https:\/\/yugotranslate.si\/wp-content\/uploads\/2015\/08\/yugologo-200x57.jpg 200w\" sizes=\"auto, (max-width: 409px) 100vw, 409px\" \/><\/a><\/span><\/strong><\/p>\n<p style=\"text-align: justify;\"><strong><span style=\"color: #993300;\">\u00a0<\/span><\/strong><\/p>\n","protected":false},"excerpt":{"rendered":"<p>CENIK PREVAJALSKIH STORITEV* 1 prevajalska stran = 1.500 znakov brez presledkov * Cenik je okviren. Dokon\u010dna cena je odvisna od smeri prevajanja, zahtevnosti in koli\u010dine besedila ter roka izvedbe. Pokli\u010dite ali pi\u0161ite za hitro, brezpla\u010dno in neobvezujo\u010do ponudbo: 040 615<span class=\"ellipsis\">&hellip;<\/span><\/p>\n<div class=\"read-more\"><a href=\"https:\/\/yugotranslate.si\/yu\/cenik\/\">Read more &#8250;<\/a><\/div>\n<p><!-- end of .read-more --><\/p>\n","protected":false},"author":2,"featured_media":0,"parent":0,"menu_order":0,"comment_status":"closed","ping_status":"closed","template":"","meta":{"_exactmetrics_skip_tracking":false,"_exactmetrics_sitenote_active":false,"_exactmetrics_sitenote_note":"","_exactmetrics_sitenote_category":0,"footnotes":""},"class_list":["post-13","page","type-page","status-publish","hentry"],"translation":{"provider":"WPGlobus","version":"3.0.2","language":"yu","enabled_languages":["sl","en","yu"],"languages":{"sl":{"title":true,"content":true,"excerpt":false},"en":{"title":true,"content":true,"excerpt":false},"yu":{"title":false,"content":false,"excerpt":false}}},"yoast_head":"<!-- This site is optimized with the Yoast SEO plugin v27.0 - https:\/\/yoast.com\/product\/yoast-seo-wordpress\/ -->\n<title>Cenik prevodov - Zavod YugoTranslate<\/title>\n<meta name=\"robots\" content=\"index, follow, max-snippet:-1, max-image-preview:large, max-video-preview:-1\" \/>\n<link rel=\"canonical\" href=\"https:\/\/yugotranslate.si\/cenik\/\" \/>\n<meta property=\"og:locale\" content=\"hr_HR\" \/>\n<meta property=\"og:type\" content=\"article\" \/>\n<meta property=\"og:title\" content=\"- Zavod YugoTranslate\" \/>\n<meta property=\"og:url\" content=\"https:\/\/yugotranslate.si\/cenik\/\" \/>\n<meta property=\"og:site_name\" content=\"Zavod YugoTranslate\" \/>\n<meta property=\"article:modified_time\" content=\"2026-01-21T11:32:19+00:00\" \/>\n<meta property=\"og:image\" content=\"https:\/\/yugotranslate.si\/wp-content\/uploads\/2015\/08\/yugologo.jpg\" \/>\n\t<meta property=\"og:image:width\" content=\"400\" \/>\n\t<meta property=\"og:image:height\" content=\"113\" \/>\n\t<meta property=\"og:image:type\" content=\"image\/jpeg\" \/>\n<meta name=\"twitter:card\" content=\"summary_large_image\" \/>\n<meta name=\"twitter:label1\" content=\"Est. reading time\" \/>\n\t<meta name=\"twitter:data1\" content=\"5 minutes\" \/>\n<script type=\"application\/ld+json\" class=\"yoast-schema-graph\">{\"@context\":\"https:\/\/schema.org\",\"@graph\":[{\"@type\":\"WebPage\",\"@id\":\"https:\/\/yugotranslate.si\/cenik\/\",\"url\":\"https:\/\/yugotranslate.si\/cenik\/\",\"name\":\"Cenik prevodov - Zavod YugoTranslate\",\"isPartOf\":{\"@id\":\"https:\/\/yugotranslate.si\/#website\"},\"primaryImageOfPage\":{\"@id\":\"https:\/\/yugotranslate.si\/cenik\/#primaryimage\"},\"image\":{\"@id\":\"https:\/\/yugotranslate.si\/cenik\/#primaryimage\"},\"thumbnailUrl\":\"http:\/\/yugotranslate.si\/wp-content\/uploads\/2015\/08\/yugologo.jpg\",\"datePublished\":\"2015-08-26T10:49:08+00:00\",\"dateModified\":\"2026-01-21T11:32:19+00:00\",\"description\":\"Cenik prevajanja - YugoTranslate. Cene na\u0161ih prevodov so bistveno ni\u017eje od slovenskega povpre\u010dja, njihova kakovost pa bistveno ve\u010dja. Prepri\u010dajte se! \u00a0\",\"breadcrumb\":{\"@id\":\"https:\/\/yugotranslate.si\/cenik\/#breadcrumb\"},\"inLanguage\":\"hr-HR\",\"potentialAction\":[{\"@type\":\"ReadAction\",\"target\":[\"https:\/\/yugotranslate.si\/cenik\/\"]}]},{\"@type\":\"ImageObject\",\"inLanguage\":\"hr-HR\",\"@id\":\"https:\/\/yugotranslate.si\/cenik\/#primaryimage\",\"url\":\"http:\/\/yugotranslate.si\/wp-content\/uploads\/2015\/08\/yugologo.jpg\",\"contentUrl\":\"http:\/\/yugotranslate.si\/wp-content\/uploads\/2015\/08\/yugologo.jpg\"},{\"@type\":\"BreadcrumbList\",\"@id\":\"https:\/\/yugotranslate.si\/cenik\/#breadcrumb\",\"itemListElement\":[{\"@type\":\"ListItem\",\"position\":1,\"name\":\"Home\",\"item\":\"https:\/\/yugotranslate.si\/\"},{\"@type\":\"ListItem\",\"position\":2,\"name\":\"Cenik\"}]},{\"@type\":\"WebSite\",\"@id\":\"https:\/\/yugotranslate.si\/#website\",\"url\":\"https:\/\/yugotranslate.si\/\",\"name\":\"Zavod YugoTranslate\",\"description\":\"Hitri in kakovostni prevodi po razumnih cenah v vseh evorpskih in svetovnih jezikih\",\"potentialAction\":[{\"@type\":\"SearchAction\",\"target\":{\"@type\":\"EntryPoint\",\"urlTemplate\":\"https:\/\/yugotranslate.si\/?s={search_term_string}\"},\"query-input\":{\"@type\":\"PropertyValueSpecification\",\"valueRequired\":true,\"valueName\":\"search_term_string\"}}],\"inLanguage\":\"hr-HR\"}]}<\/script>\n<!-- \/ Yoast SEO plugin. -->","yoast_head_json":{"title":"Cenik prevodov - Zavod YugoTranslate","robots":{"index":"index","follow":"follow","max-snippet":"max-snippet:-1","max-image-preview":"max-image-preview:large","max-video-preview":"max-video-preview:-1"},"canonical":"https:\/\/yugotranslate.si\/cenik\/","og_locale":"hr_HR","og_type":"article","og_title":"- Zavod YugoTranslate","og_url":"https:\/\/yugotranslate.si\/cenik\/","og_site_name":"Zavod YugoTranslate","article_modified_time":"2026-01-21T11:32:19+00:00","og_image":[{"width":400,"height":113,"url":"https:\/\/yugotranslate.si\/wp-content\/uploads\/2015\/08\/yugologo.jpg","type":"image\/jpeg"}],"twitter_card":"summary_large_image","twitter_misc":{"Est. reading time":"5 minutes"},"schema":{"@context":"https:\/\/schema.org","@graph":[{"@type":"WebPage","@id":"https:\/\/yugotranslate.si\/cenik\/","url":"https:\/\/yugotranslate.si\/cenik\/","name":"Cenik prevodov - Zavod YugoTranslate","isPartOf":{"@id":"https:\/\/yugotranslate.si\/#website"},"primaryImageOfPage":{"@id":"https:\/\/yugotranslate.si\/cenik\/#primaryimage"},"image":{"@id":"https:\/\/yugotranslate.si\/cenik\/#primaryimage"},"thumbnailUrl":"http:\/\/yugotranslate.si\/wp-content\/uploads\/2015\/08\/yugologo.jpg","datePublished":"2015-08-26T10:49:08+00:00","dateModified":"2026-01-21T11:32:19+00:00","description":"Cenik prevajanja - YugoTranslate. Cene na\u0161ih prevodov so bistveno ni\u017eje od slovenskega povpre\u010dja, njihova kakovost pa bistveno ve\u010dja. Prepri\u010dajte se! \u00a0","breadcrumb":{"@id":"https:\/\/yugotranslate.si\/cenik\/#breadcrumb"},"inLanguage":"hr-HR","potentialAction":[{"@type":"ReadAction","target":["https:\/\/yugotranslate.si\/cenik\/"]}]},{"@type":"ImageObject","inLanguage":"hr-HR","@id":"https:\/\/yugotranslate.si\/cenik\/#primaryimage","url":"http:\/\/yugotranslate.si\/wp-content\/uploads\/2015\/08\/yugologo.jpg","contentUrl":"http:\/\/yugotranslate.si\/wp-content\/uploads\/2015\/08\/yugologo.jpg"},{"@type":"BreadcrumbList","@id":"https:\/\/yugotranslate.si\/cenik\/#breadcrumb","itemListElement":[{"@type":"ListItem","position":1,"name":"Home","item":"https:\/\/yugotranslate.si\/"},{"@type":"ListItem","position":2,"name":"Cenik"}]},{"@type":"WebSite","@id":"https:\/\/yugotranslate.si\/#website","url":"https:\/\/yugotranslate.si\/","name":"Zavod YugoTranslate","description":"Hitri in kakovostni prevodi po razumnih cenah v vseh evorpskih in svetovnih jezikih","potentialAction":[{"@type":"SearchAction","target":{"@type":"EntryPoint","urlTemplate":"https:\/\/yugotranslate.si\/?s={search_term_string}"},"query-input":{"@type":"PropertyValueSpecification","valueRequired":true,"valueName":"search_term_string"}}],"inLanguage":"hr-HR"}]}},"_links":{"self":[{"href":"https:\/\/yugotranslate.si\/yu\/wp-json\/wp\/v2\/pages\/13","targetHints":{"allow":["GET"]}}],"collection":[{"href":"https:\/\/yugotranslate.si\/yu\/wp-json\/wp\/v2\/pages"}],"about":[{"href":"https:\/\/yugotranslate.si\/yu\/wp-json\/wp\/v2\/types\/page"}],"author":[{"embeddable":true,"href":"https:\/\/yugotranslate.si\/yu\/wp-json\/wp\/v2\/users\/2"}],"replies":[{"embeddable":true,"href":"https:\/\/yugotranslate.si\/yu\/wp-json\/wp\/v2\/comments?post=13"}],"version-history":[{"count":267,"href":"https:\/\/yugotranslate.si\/yu\/wp-json\/wp\/v2\/pages\/13\/revisions"}],"predecessor-version":[{"id":2586,"href":"https:\/\/yugotranslate.si\/yu\/wp-json\/wp\/v2\/pages\/13\/revisions\/2586"}],"wp:attachment":[{"href":"https:\/\/yugotranslate.si\/yu\/wp-json\/wp\/v2\/media?parent=13"}],"curies":[{"name":"wp","href":"https:\/\/api.w.org\/{rel}","templated":true}]}}