{"id":16,"date":"2015-08-26T10:50:42","date_gmt":"2015-08-26T10:50:42","guid":{"rendered":"http:\/\/jugotranslate.si\/?page_id=16"},"modified":"2022-02-25T15:06:07","modified_gmt":"2022-02-25T15:06:07","slug":"o-nas","status":"publish","type":"page","link":"https:\/\/yugotranslate.si\/yu\/o-nas\/","title":{"rendered":"O nas"},"content":{"rendered":"<p style=\"text-align: justify;\"><strong>YugoTranslate je ustanovljen z namenom prevajanja in tolma\u010denja, umetni\u0161kega in kulturnega udejstvovanja ter medkulturnega posredovanja in sodelovanja.<\/strong><\/p>\n<p style=\"text-align: justify;\">YugoTranslate je specializiran za prevajalske kombinacije razli\u010dnih svetovnih ter ju\u017enoslovanskih jezikov in njihovih razli\u010dic, za katere ponujamo cenovno ugodne in visokokakovostne prevode. Poleg tega zagotavljamo ni\u010d manj u\u010dinkovito prevajanje in tolma\u010denje evropskih in svetovnih jezikov, ki jih najdete v na\u0161i ponudbi.<\/p>\n<p style=\"text-align: justify;\">YugoTranslate ponuja celostno prevajalsko in jezikovno storitev pisnega in ustnega prevajanja: navadni, sodno overjeni in hitri prevodi, lektura in urejanje besedil, simultano, konsekutivno in konferen\u010dno tolma\u010denje. <strong>Jam\u010dimo za kakovost, strokovnost in natan\u010dnost po razumnih cenah v ve\u010d kot 30 jezikih.<\/strong><\/p>\n<p>Ob tem <strong>ponujamo tudi brezpla\u010dno pomo\u010d in svetovanje<\/strong> <strong>priseljencem<\/strong> pri pridobivanju potrebne dokumentacije za bivanje in delo v Republiki Sloveniji.<\/p>\n<p style=\"text-align: justify;\"><a href=\"http:\/\/yugotranslate.si\/wp-content\/uploads\/2015\/08\/000001.jpg\" rel=\"attachment wp-att-1048\"><img loading=\"lazy\" decoding=\"async\" class=\"wp-image-1048 aligncenter\" src=\"http:\/\/yugotranslate.si\/wp-content\/uploads\/2015\/08\/000001.jpg\" alt=\"000001\" width=\"443\" height=\"424\" srcset=\"https:\/\/yugotranslate.si\/wp-content\/uploads\/2015\/08\/000001.jpg 960w, https:\/\/yugotranslate.si\/wp-content\/uploads\/2015\/08\/000001-300x287.jpg 300w, https:\/\/yugotranslate.si\/wp-content\/uploads\/2015\/08\/000001-100x96.jpg 100w, https:\/\/yugotranslate.si\/wp-content\/uploads\/2015\/08\/000001-150x143.jpg 150w, https:\/\/yugotranslate.si\/wp-content\/uploads\/2015\/08\/000001-200x191.jpg 200w, https:\/\/yugotranslate.si\/wp-content\/uploads\/2015\/08\/000001-450x430.jpg 450w, https:\/\/yugotranslate.si\/wp-content\/uploads\/2015\/08\/000001-600x574.jpg 600w, https:\/\/yugotranslate.si\/wp-content\/uploads\/2015\/08\/000001-900x861.jpg 900w\" sizes=\"auto, (max-width: 443px) 100vw, 443px\" \/><\/a><\/p>\n<p style=\"text-align: justify;\">Poleg prevajanja in tolma\u010denja se na Zavodu YugoTranslate ukvarjamo tudi z izpopolnjevanjem in usposabljanjem na podro\u010dju jezikoslovja, kulture in umetnosti, umetni\u0161kim uprizarjanjem in ustvarjanjem, organiziranjem razstav in sre\u010danj, z raziskovalno in razvojno dejavnostjo na podro\u010dju dru\u017eboslovja in humanistike, zalo\u017eni\u0161tvom, produkcijo radijskih oddaj (redna oddaja <a href=\"http:\/\/radiostudent.si\/dru%C5%BEba\/jugosfera\">Jugosfera na Radiu \u0160tudent<\/a>) ter drugimi kulturnimi in razvedrilnimi dejavnostmi.<\/p>\n<p>V \u0161estih letih delovanja zavoda (2015-2022) smo tako med drugimi sodelovali z naslednjimi in\u0161titucijami pri prevajalskih, zalo\u017eni\u0161kih, razstavnih, umetni\u0161kih in drugih projektih:<strong> Znanstveno-raziskovalni center SAZU<\/strong>,<strong>\u00a0 Univerza v Ljubljani,\u00a0Mestna ob\u010dina Ljubljana, Zavod za varstvo kulturne dedi\u0161\u010dine Slovenije,\u00a0Muzej novej\u0161e zgodovine Slovenije,\u00a0<\/strong><strong>In\u0161titut Antona Trstenjaka,\u00a0<\/strong><strong>\u00a0<\/strong><strong>Zavod Radio \u0160tudent, Zavod za raziskave scenskih umetnosti Delak<\/strong>\u00a0itn.<\/p>\n<p style=\"text-align: justify;\"><strong>Zavod YugoTranslate presega lingvisti\u010dni in kulturni nacionalizem s (ponovnim) povezovanjem jugoslovanskih jezikov in kultur.<\/strong> Zavzemamo se za spo\u0161tovanje realnih jezikovnih in kulturnih raznolikosti ter zavra\u010damo umetne razlike, ki so nam jih vsilili tako nacionalni jezikovni in kulturni birokrati in \u00bbprofesorji\u00ab kot tudi svetovni in evropski \u00bbzdru\u017eitelji\u00ab \u2013 unifikatorji.<\/p>\n<h1>YugoTranslate<\/h1>\n<p style=\"text-align: justify;\"><strong>NA\u0160 prevod za VA\u0160 jezik. Za NA\u0160 jezik! <\/strong><\/p>\n<p style=\"text-align: justify;\"><strong><a href=\"http:\/\/yugotranslate.si\/wp-content\/uploads\/2015\/08\/0000001.jpg\" target=\"_blank\" rel=\"noopener\"><img loading=\"lazy\" decoding=\"async\" class=\"alignleft wp-image-268 size-medium\" title=\"Bojan An\u0111elkovi\u0107 - Zavod YugoTranslate\" src=\"http:\/\/yugotranslate.si\/wp-content\/uploads\/2015\/08\/0000001-200x300.jpg\" alt=\"Zavod YugoTranslate - direktor\" width=\"200\" height=\"300\" srcset=\"https:\/\/yugotranslate.si\/wp-content\/uploads\/2015\/08\/0000001-200x300.jpg 200w, https:\/\/yugotranslate.si\/wp-content\/uploads\/2015\/08\/0000001-100x150.jpg 100w, https:\/\/yugotranslate.si\/wp-content\/uploads\/2015\/08\/0000001-150x225.jpg 150w, https:\/\/yugotranslate.si\/wp-content\/uploads\/2015\/08\/0000001-300x450.jpg 300w, https:\/\/yugotranslate.si\/wp-content\/uploads\/2015\/08\/0000001-450x675.jpg 450w, https:\/\/yugotranslate.si\/wp-content\/uploads\/2015\/08\/0000001-600x900.jpg 600w, https:\/\/yugotranslate.si\/wp-content\/uploads\/2015\/08\/0000001.jpg 640w\" sizes=\"auto, (max-width: 200px) 100vw, 200px\" \/><\/a><\/strong><strong>Dr. Bojan An\u0111elkovi\u0107, direktor, ustanovitelj Zavoda YugoTranslate <\/strong><\/p>\n<p style=\"text-align: justify;\">Bojan je diplomiral iz srbohrva\u0161kega jezika in ju\u017enoslovanskih knji\u017eevnosti na Filolo\u0161ki fakulteti v Beogradu, magistriral na Fakulteti za podiplomski humanisti\u010dni \u0161tudij Institutum Studiorum Humanitatis v Ljubljani ter doktoriral na Fakulteti za humanisti\u010dne \u0161tudije v Kopru. Od svojega prihoda v Ljubljano leta 2003 dela kot prevajalec, lektor in tolma\u010d za \u0161tevilne slovenske prevajalske agencije, zalo\u017ebe, radio in televizijo. Bil je kulturni (2007-2012) in odgovorni urednik Radia \u0160tudent (2012-2015), kulturni in izvr\u0161ni urednik ve\u010djezi\u010dnega \u010dasopisa Balkanis, ki je izhajal v vseh dr\u017eavah biv\u0161e Jugoslavije, ter urednik spletnega \u010dasopisa <em>AZERT \u2013 \u010dasopis za na\u0161 jezik<\/em> na Filolo\u0161ki fakulteti v Beogradu. Leta 2002 je izdal knjigo poezije <em>La\u017eni Orfej: tragikomedija v \u0161tirih dejanjih<\/em>, ki je dobila prvo nagrado na Jugoslovanskem festivalu poezije mladih v Vrbasu. V letu 2016 pa je pri Zalo\u017ebi ZRC objavil svojo drugo knjigo, obse\u017eno znanstveno monografija <a href=\"https:\/\/ikss.zrc-sazu.si\/sl\/publikacije\/umetniski-ustroj-noordung\"><em>Umetni\u0161ki ustroj Noordung. Filozofija in njen dvojnik<\/em><\/a>. Je ustanovitelj in koordinator Odprte radijske raziskovalne platforme RADAR ter ustanovitelj in direktor Zavoda YugoTranslate.<\/p>\n<p style=\"text-align: justify;\">\n","protected":false},"excerpt":{"rendered":"<p>YugoTranslate je ustanovljen z namenom prevajanja in tolma\u010denja, umetni\u0161kega in kulturnega udejstvovanja ter medkulturnega posredovanja in sodelovanja. YugoTranslate je specializiran za prevajalske kombinacije razli\u010dnih svetovnih ter ju\u017enoslovanskih jezikov in njihovih razli\u010dic, za katere ponujamo cenovno ugodne in visokokakovostne prevode. Poleg<span class=\"ellipsis\">&hellip;<\/span><\/p>\n<div class=\"read-more\"><a href=\"https:\/\/yugotranslate.si\/yu\/o-nas\/\">Read more &#8250;<\/a><\/div>\n<p><!-- end of .read-more --><\/p>\n","protected":false},"author":2,"featured_media":0,"parent":0,"menu_order":0,"comment_status":"closed","ping_status":"closed","template":"","meta":{"_exactmetrics_skip_tracking":false,"_exactmetrics_sitenote_active":false,"_exactmetrics_sitenote_note":"","_exactmetrics_sitenote_category":0,"footnotes":""},"class_list":["post-16","page","type-page","status-publish","hentry"],"translation":{"provider":"WPGlobus","version":"3.0.2","language":"yu","enabled_languages":["sl","en","yu"],"languages":{"sl":{"title":true,"content":true,"excerpt":false},"en":{"title":true,"content":true,"excerpt":false},"yu":{"title":false,"content":false,"excerpt":false}}},"yoast_head":"<!-- This site is optimized with the Yoast SEO plugin v27.0 - https:\/\/yoast.com\/product\/yoast-seo-wordpress\/ -->\n<title>- Zavod YugoTranslate<\/title>\n<meta name=\"robots\" content=\"index, follow, max-snippet:-1, max-image-preview:large, max-video-preview:-1\" \/>\n<link rel=\"canonical\" href=\"https:\/\/yugotranslate.si\/en\/o-nas\/\" \/>\n<meta property=\"og:locale\" content=\"hr_HR\" \/>\n<meta property=\"og:type\" content=\"article\" \/>\n<meta property=\"og:title\" content=\"- Zavod YugoTranslate\" \/>\n<meta property=\"og:url\" content=\"https:\/\/yugotranslate.si\/en\/o-nas\/\" \/>\n<meta property=\"og:site_name\" content=\"Zavod YugoTranslate\" \/>\n<meta property=\"article:modified_time\" content=\"2022-02-25T15:06:07+00:00\" \/>\n<meta property=\"og:image\" content=\"http:\/\/yugotranslate.si\/wp-content\/uploads\/2015\/08\/000001.jpg\" \/>\n<meta name=\"twitter:card\" content=\"summary_large_image\" \/>\n<meta name=\"twitter:label1\" content=\"Est. reading time\" \/>\n\t<meta name=\"twitter:data1\" content=\"4 minutes\" \/>\n<script type=\"application\/ld+json\" class=\"yoast-schema-graph\">{\"@context\":\"https:\/\/schema.org\",\"@graph\":[{\"@type\":\"WebPage\",\"@id\":\"https:\/\/yugotranslate.si\/en\/o-nas\/\",\"url\":\"https:\/\/yugotranslate.si\/en\/o-nas\/\",\"name\":\"- Zavod YugoTranslate\",\"isPartOf\":{\"@id\":\"https:\/\/yugotranslate.si\/#website\"},\"primaryImageOfPage\":{\"@id\":\"https:\/\/yugotranslate.si\/en\/o-nas\/#primaryimage\"},\"image\":{\"@id\":\"https:\/\/yugotranslate.si\/en\/o-nas\/#primaryimage\"},\"thumbnailUrl\":\"http:\/\/yugotranslate.si\/wp-content\/uploads\/2015\/08\/000001.jpg\",\"datePublished\":\"2015-08-26T10:50:42+00:00\",\"dateModified\":\"2022-02-25T15:06:07+00:00\",\"description\":\"YugoTranslate je ustanovljen z namenom prevajanja in tolma\u010denja, umetni\u0161kega in kulturnega udejstvovanja ter medkulturnega posredovanja in sodelovanja.\",\"breadcrumb\":{\"@id\":\"https:\/\/yugotranslate.si\/en\/o-nas\/#breadcrumb\"},\"inLanguage\":\"hr-HR\",\"potentialAction\":[{\"@type\":\"ReadAction\",\"target\":[\"https:\/\/yugotranslate.si\/en\/o-nas\/\"]}]},{\"@type\":\"ImageObject\",\"inLanguage\":\"hr-HR\",\"@id\":\"https:\/\/yugotranslate.si\/en\/o-nas\/#primaryimage\",\"url\":\"http:\/\/yugotranslate.si\/wp-content\/uploads\/2015\/08\/000001.jpg\",\"contentUrl\":\"http:\/\/yugotranslate.si\/wp-content\/uploads\/2015\/08\/000001.jpg\"},{\"@type\":\"BreadcrumbList\",\"@id\":\"https:\/\/yugotranslate.si\/en\/o-nas\/#breadcrumb\",\"itemListElement\":[{\"@type\":\"ListItem\",\"position\":1,\"name\":\"Home\",\"item\":\"https:\/\/yugotranslate.si\/\"},{\"@type\":\"ListItem\",\"position\":2,\"name\":\"About\"}]},{\"@type\":\"WebSite\",\"@id\":\"https:\/\/yugotranslate.si\/#website\",\"url\":\"https:\/\/yugotranslate.si\/\",\"name\":\"Zavod YugoTranslate\",\"description\":\"Hitri in kakovostni prevodi po razumnih cenah v vseh evorpskih in svetovnih jezikih\",\"potentialAction\":[{\"@type\":\"SearchAction\",\"target\":{\"@type\":\"EntryPoint\",\"urlTemplate\":\"https:\/\/yugotranslate.si\/?s={search_term_string}\"},\"query-input\":{\"@type\":\"PropertyValueSpecification\",\"valueRequired\":true,\"valueName\":\"search_term_string\"}}],\"inLanguage\":\"hr-HR\"}]}<\/script>\n<!-- \/ Yoast SEO plugin. -->","yoast_head_json":{"title":"- Zavod YugoTranslate","robots":{"index":"index","follow":"follow","max-snippet":"max-snippet:-1","max-image-preview":"max-image-preview:large","max-video-preview":"max-video-preview:-1"},"canonical":"https:\/\/yugotranslate.si\/en\/o-nas\/","og_locale":"hr_HR","og_type":"article","og_title":"- Zavod YugoTranslate","og_url":"https:\/\/yugotranslate.si\/en\/o-nas\/","og_site_name":"Zavod YugoTranslate","article_modified_time":"2022-02-25T15:06:07+00:00","og_image":[{"url":"http:\/\/yugotranslate.si\/wp-content\/uploads\/2015\/08\/000001.jpg","type":"","width":"","height":""}],"twitter_card":"summary_large_image","twitter_misc":{"Est. reading time":"4 minutes"},"schema":{"@context":"https:\/\/schema.org","@graph":[{"@type":"WebPage","@id":"https:\/\/yugotranslate.si\/en\/o-nas\/","url":"https:\/\/yugotranslate.si\/en\/o-nas\/","name":"- Zavod YugoTranslate","isPartOf":{"@id":"https:\/\/yugotranslate.si\/#website"},"primaryImageOfPage":{"@id":"https:\/\/yugotranslate.si\/en\/o-nas\/#primaryimage"},"image":{"@id":"https:\/\/yugotranslate.si\/en\/o-nas\/#primaryimage"},"thumbnailUrl":"http:\/\/yugotranslate.si\/wp-content\/uploads\/2015\/08\/000001.jpg","datePublished":"2015-08-26T10:50:42+00:00","dateModified":"2022-02-25T15:06:07+00:00","description":"YugoTranslate je ustanovljen z namenom prevajanja in tolma\u010denja, umetni\u0161kega in kulturnega udejstvovanja ter medkulturnega posredovanja in sodelovanja.","breadcrumb":{"@id":"https:\/\/yugotranslate.si\/en\/o-nas\/#breadcrumb"},"inLanguage":"hr-HR","potentialAction":[{"@type":"ReadAction","target":["https:\/\/yugotranslate.si\/en\/o-nas\/"]}]},{"@type":"ImageObject","inLanguage":"hr-HR","@id":"https:\/\/yugotranslate.si\/en\/o-nas\/#primaryimage","url":"http:\/\/yugotranslate.si\/wp-content\/uploads\/2015\/08\/000001.jpg","contentUrl":"http:\/\/yugotranslate.si\/wp-content\/uploads\/2015\/08\/000001.jpg"},{"@type":"BreadcrumbList","@id":"https:\/\/yugotranslate.si\/en\/o-nas\/#breadcrumb","itemListElement":[{"@type":"ListItem","position":1,"name":"Home","item":"https:\/\/yugotranslate.si\/"},{"@type":"ListItem","position":2,"name":"About"}]},{"@type":"WebSite","@id":"https:\/\/yugotranslate.si\/#website","url":"https:\/\/yugotranslate.si\/","name":"Zavod YugoTranslate","description":"Hitri in kakovostni prevodi po razumnih cenah v vseh evorpskih in svetovnih jezikih","potentialAction":[{"@type":"SearchAction","target":{"@type":"EntryPoint","urlTemplate":"https:\/\/yugotranslate.si\/?s={search_term_string}"},"query-input":{"@type":"PropertyValueSpecification","valueRequired":true,"valueName":"search_term_string"}}],"inLanguage":"hr-HR"}]}},"_links":{"self":[{"href":"https:\/\/yugotranslate.si\/yu\/wp-json\/wp\/v2\/pages\/16","targetHints":{"allow":["GET"]}}],"collection":[{"href":"https:\/\/yugotranslate.si\/yu\/wp-json\/wp\/v2\/pages"}],"about":[{"href":"https:\/\/yugotranslate.si\/yu\/wp-json\/wp\/v2\/types\/page"}],"author":[{"embeddable":true,"href":"https:\/\/yugotranslate.si\/yu\/wp-json\/wp\/v2\/users\/2"}],"replies":[{"embeddable":true,"href":"https:\/\/yugotranslate.si\/yu\/wp-json\/wp\/v2\/comments?post=16"}],"version-history":[{"count":89,"href":"https:\/\/yugotranslate.si\/yu\/wp-json\/wp\/v2\/pages\/16\/revisions"}],"predecessor-version":[{"id":2527,"href":"https:\/\/yugotranslate.si\/yu\/wp-json\/wp\/v2\/pages\/16\/revisions\/2527"}],"wp:attachment":[{"href":"https:\/\/yugotranslate.si\/yu\/wp-json\/wp\/v2\/media?parent=16"}],"curies":[{"name":"wp","href":"https:\/\/api.w.org\/{rel}","templated":true}]}}