{"id":55,"date":"2015-08-26T11:09:00","date_gmt":"2015-08-26T11:09:00","guid":{"rendered":"http:\/\/jugotranslate.si\/?page_id=55"},"modified":"2023-06-28T15:16:48","modified_gmt":"2023-06-28T15:16:48","slug":"sodni-prevodi","status":"publish","type":"page","link":"https:\/\/yugotranslate.si\/yu\/sodni-prevodi\/","title":{"rendered":"Sodni prevodi"},"content":{"rendered":"<p>Hitri, kakovostni in cenovno <strong>ugodni sodni prevodi<\/strong><strong>, \u017ee od 20 EUR naprej.<\/strong> Izku\u0161eni in zanesljivi<strong> sodni tolma\u010di in prevajalci za ve\u010d kot 30 jezikov. <\/strong><\/p>\n<p style=\"text-align: justify;\"><strong>Sodne prevode za posamezne jezike lahko uredimo \u017ee isti dan:<br \/>\n<\/strong><\/p>\n<p style=\"text-align: justify;\"><a style=\"color: #a23838;\" href=\"http:\/\/yugotranslate.si\/sodni-tolmac-za-srbski-jezik\/\">Sodni tolma\u010d za srbski jezik<\/a> | <a style=\"color: #a23838;\" href=\"http:\/\/yugotranslate.si\/sodni-tolmac-za-hrvaski-jezik\/\">Sodni tolma\u010d za hrva\u0161ki jezik<\/a><\/p>\n<p><a style=\"color: #a23838;\" href=\"http:\/\/yugotranslate.si\/sodni-tolmac-za-nemski-jezik\/\">Sodni tolma\u010d za nem\u0161ki jezik<\/a> |\u00a0 <a style=\"color: #a23838;\" href=\"http:\/\/yugotranslate.si\/sodni-tolmac-za-angleski-jezik\/\">Sodni tolma\u010d za angle\u0161ki jezik<\/a><\/p>\n<p style=\"text-align: justify;\"><strong>YugoTranslate<\/strong> zagotavlja <strong>sodno overjene prevode za vse vrste osebnih, poslovnih in pravnih dokumentov <\/strong>ter vam <strong>brezpla\u010dno pomaga in svetuje<\/strong> pri pridobivanju potrebne dokumentacije.<\/p>\n<p style=\"text-align: justify;\">Ponujamo <strong>brezpla\u010den prevzem in dostavo v Ljubljani <\/strong>za ve\u010dja naro\u010dila in stalne stranke, po dogovoru pa lahko <strong>dokumente\u00a0 sprejmemo in hitro dostavimo tudi prek po\u0161te<\/strong>.<\/p>\n<p style=\"text-align: justify;\">Sicer pa nas najdete <strong>v Toba\u010dni<\/strong>, <strong>v poslovni stavbi Tr\u017ea\u0161ka 2 \u2013 <\/strong><strong>1. nadstropje levo<\/strong> in ste \u017ee pred vratih <strong>Zavoda YugoTranslate<\/strong>.<\/p>\n<p style=\"text-align: justify;\"><span style=\"text-decoration: underline;\"><a href=\"http:\/\/yugotranslate.si\/kontakt\/\"><strong>Urnik pisarne in k<\/strong><strong>ako do nas?<\/strong><\/a><\/span><\/p>\n<div id=\"attachment_1018\" style=\"width: 600px\" class=\"wp-caption aligncenter\"><a href=\"http:\/\/yugotranslate.si\/wp-content\/uploads\/2015\/08\/000000000000000.jpg\"><img loading=\"lazy\" decoding=\"async\" aria-describedby=\"caption-attachment-1018\" class=\"wp-image-1018\" src=\"http:\/\/yugotranslate.si\/wp-content\/uploads\/2015\/08\/000000000000000.jpg\" alt=\"Sodni prevodi - Kako do nas?\" width=\"590\" height=\"355\" srcset=\"https:\/\/yugotranslate.si\/wp-content\/uploads\/2015\/08\/000000000000000.jpg 875w, https:\/\/yugotranslate.si\/wp-content\/uploads\/2015\/08\/000000000000000-300x181.jpg 300w, https:\/\/yugotranslate.si\/wp-content\/uploads\/2015\/08\/000000000000000-100x60.jpg 100w, https:\/\/yugotranslate.si\/wp-content\/uploads\/2015\/08\/000000000000000-150x90.jpg 150w, https:\/\/yugotranslate.si\/wp-content\/uploads\/2015\/08\/000000000000000-200x120.jpg 200w, https:\/\/yugotranslate.si\/wp-content\/uploads\/2015\/08\/000000000000000-450x271.jpg 450w, https:\/\/yugotranslate.si\/wp-content\/uploads\/2015\/08\/000000000000000-600x361.jpg 600w\" sizes=\"auto, (max-width: 590px) 100vw, 590px\" \/><\/a><p id=\"caption-attachment-1018\" class=\"wp-caption-text\"><strong>Prevajanje, sodni prevodi &#8211; YugoTranslate<\/strong><\/p><\/div>\n<p style=\"text-align: justify;\">Dokumente za sodni prevod nam lahko kadarkoli tekom dneva pustite tudi <strong>na recepciji poslovne stavbe Tr\u017ea\u0161ka 2<\/strong>, ki je odprta <strong>24h ur vse dni v letu<\/strong>, kjer lahko tudi prevzamete prevedeno in sodno overjeno dokumentacijo.<\/p>\n<p style=\"text-align: justify;\">Ker se nahajamo <strong>v neposredni bli\u017eini Upravne enote Ljubljana in Urada za tujce<\/strong>, vam lahko<strong> brezpla\u010dno uredimo overjeno fotokopijo dokumenta za sodni prevod<\/strong>, v primeru, da \u017eelite obdr\u017eati originalni dokument.<strong><br \/>\n<\/strong><\/p>\n<h5>SODNI PREVODI<\/h5>\n<p>Sodni prevodi so sestavljeni iz besedila v izvirniku in prevoda v ciljnem jeziku. Dokumenta sta povezana s trakom in opremljena z \u017eigom sodnega tolma\u010da, ki zagotavlja, da je prevod natan\u010den in ustrezen oz. da se sodni prevod vsebinsko, zlogovno in terminolo\u0161ko v popolnosti ujema z originalom. Prevode lahko opravijo samo sodni prevajalci, ki so z odlo\u010dbo ministrstva za pravosodje imenovani za stalne sodne tolma\u010de. Uradni prevajalec (oz. sodni tolma\u010d) k izvirniku in prevodu vedno prilo\u017ei tudi svojo pisno izjavo o ustreznosti prevoda in podatke o tolma\u010du. Tako overjen prevod velja za uradni dokument.<\/p>\n<h5>SODNI TOLMA\u010cI<\/h5>\n<p><strong>Za sodno overjeni prevod na\u0161i zaprise\u017eeni sodni tolma\u010di potrebujejo originalni dokument ali overjeno fotokopijo originalnega dokumenta, ki jo lahko najcenej\u0161e in najla\u017eje dobite na upravni enoti (to vam lahko <span style=\"text-decoration: underline;\">brezpla\u010dno<\/span> uredimo tudi mi!)<\/strong>.<\/p>\n<p style=\"text-align: justify;\">Sodni prevodi so potrebni za urejanje pravnih razmerij s pomo\u010djo razli\u010dnih osebnih, poslovnih in pravnih listin, kot so: spri\u010devalo, pooblastilo, diploma, rojstni list, poro\u010dni list, delovno dovoljenje, registracija podjetja, finan\u010dno poro\u010dilo, letne poro\u010dilo, bilanca stanja, izpis iz sodnega in poslovnega registra, izkaz delovnih ali poslovnih rezultatov v tujini ipd.<\/p>\n<p>Sodni prevod overjen s strani zaprise\u017eenega sodnega tolma\u010da najpogosteje potrebujemo za:<\/p>\n<ul>\n<li>sodno prevajanje dokumentov za urejanje dr\u017eavljanstva,<\/li>\n<li>sodno prevajanje dokumentov za urejanje delovnega dovoljenja,<\/li>\n<li>sodno prevajanje dokumentov za urejanje poroke,<\/li>\n<li>sodni prevod spri\u010devala,<\/li>\n<li>sodni prevod pooblastila,<\/li>\n<li>sodni prevod pogodbe,<\/li>\n<li>sodni prevod diplome,<\/li>\n<li>sodni prevod rojstnega lista,<\/li>\n<li>sodni prevod poro\u010dnega lista,<\/li>\n<li>sodni prevod potrdila o nekaznovanosti,<\/li>\n<li>sodni prevod potrdila o samskem stanu<\/li>\n<li>sodni prevod policijskih zapisnikov,<\/li>\n<li>sodni prevod sodnih zapisnikov,<\/li>\n<li>sodni prevod izpiskov iz sodnega ali poslovnega registra (AJPES)<\/li>\n<li>sodni prevod registracije podjetja<\/li>\n<li>sodni prevod bilnce stanja<\/li>\n<li>sodni prevod letnega poro\u010dila<\/li>\n<li>sodni prevod finan\u010dnega poro\u010dila<\/li>\n<li>sodni prevod notarskega zapisa itn.<\/li>\n<\/ul>\n<p style=\"text-align: justify;\">***<\/p>\n<p style=\"text-align: justify;\"><a href=\"http:\/\/www.mp.gov.si\/si\/izobrazevanje_v_pravosodju_cip\/sodni_tolmaci\/\" target=\"_blank\" rel=\"noopener\">Kdo so sodni tolma\u010di?<\/a><\/p>\n","protected":false},"excerpt":{"rendered":"<p>Hitri, kakovostni in cenovno ugodni sodni prevodi, \u017ee od 20 EUR naprej. Izku\u0161eni in zanesljivi sodni tolma\u010di in prevajalci za ve\u010d kot 30 jezikov. Sodne prevode za posamezne jezike lahko uredimo \u017ee isti dan: Sodni tolma\u010d za srbski jezik |<span class=\"ellipsis\">&hellip;<\/span><\/p>\n<div class=\"read-more\"><a href=\"https:\/\/yugotranslate.si\/yu\/sodni-prevodi\/\">Read more &#8250;<\/a><\/div>\n<p><!-- end of .read-more --><\/p>\n","protected":false},"author":2,"featured_media":0,"parent":0,"menu_order":0,"comment_status":"closed","ping_status":"closed","template":"","meta":{"_exactmetrics_skip_tracking":false,"_exactmetrics_sitenote_active":false,"_exactmetrics_sitenote_note":"","_exactmetrics_sitenote_category":0,"footnotes":""},"class_list":["post-55","page","type-page","status-publish","hentry"],"translation":{"provider":"WPGlobus","version":"3.0.2","language":"yu","enabled_languages":["sl","en","yu"],"languages":{"sl":{"title":true,"content":true,"excerpt":false},"en":{"title":true,"content":true,"excerpt":false},"yu":{"title":false,"content":false,"excerpt":false}}},"yoast_head":"<!-- This site is optimized with the Yoast SEO plugin v27.0 - https:\/\/yoast.com\/product\/yoast-seo-wordpress\/ -->\n<title>Sodni prevodi in sodni tolma\u010di - Zavod YugoTranslate<\/title>\n<meta name=\"robots\" content=\"index, follow, max-snippet:-1, max-image-preview:large, max-video-preview:-1\" \/>\n<link rel=\"canonical\" href=\"https:\/\/yugotranslate.si\/sodni-prevodi\/\" \/>\n<meta property=\"og:locale\" content=\"hr_HR\" \/>\n<meta property=\"og:type\" content=\"article\" \/>\n<meta property=\"og:title\" content=\"- Zavod YugoTranslate\" \/>\n<meta property=\"og:url\" content=\"https:\/\/yugotranslate.si\/sodni-prevodi\/\" \/>\n<meta property=\"og:site_name\" content=\"Zavod YugoTranslate\" \/>\n<meta property=\"article:modified_time\" content=\"2023-06-28T15:16:48+00:00\" \/>\n<meta property=\"og:image\" content=\"http:\/\/yugotranslate.si\/wp-content\/uploads\/2015\/08\/000000000000000.jpg\" \/>\n<meta name=\"twitter:card\" content=\"summary_large_image\" \/>\n<meta name=\"twitter:label1\" content=\"Est. reading time\" \/>\n\t<meta name=\"twitter:data1\" content=\"4 minutes\" \/>\n<script type=\"application\/ld+json\" class=\"yoast-schema-graph\">{\"@context\":\"https:\/\/schema.org\",\"@graph\":[{\"@type\":\"WebPage\",\"@id\":\"https:\/\/yugotranslate.si\/sodni-prevodi\/\",\"url\":\"https:\/\/yugotranslate.si\/sodni-prevodi\/\",\"name\":\"Sodni prevodi in sodni tolma\u010di - Zavod YugoTranslate\",\"isPartOf\":{\"@id\":\"https:\/\/yugotranslate.si\/#website\"},\"primaryImageOfPage\":{\"@id\":\"https:\/\/yugotranslate.si\/sodni-prevodi\/#primaryimage\"},\"image\":{\"@id\":\"https:\/\/yugotranslate.si\/sodni-prevodi\/#primaryimage\"},\"thumbnailUrl\":\"http:\/\/yugotranslate.si\/wp-content\/uploads\/2015\/08\/000000000000000.jpg\",\"datePublished\":\"2015-08-26T11:09:00+00:00\",\"dateModified\":\"2023-06-28T15:16:48+00:00\",\"description\":\"Hitri in cenovno ugodni sodni prevodi! Zanesljivi sodni tolma\u010di za ve\u010d kot 30 jezikov. Zagotavljamo hitre prevode v Ljubljani in Mariboru ali po po\u0161ti.\",\"breadcrumb\":{\"@id\":\"https:\/\/yugotranslate.si\/sodni-prevodi\/#breadcrumb\"},\"inLanguage\":\"hr-HR\",\"potentialAction\":[{\"@type\":\"ReadAction\",\"target\":[\"https:\/\/yugotranslate.si\/sodni-prevodi\/\"]}]},{\"@type\":\"ImageObject\",\"inLanguage\":\"hr-HR\",\"@id\":\"https:\/\/yugotranslate.si\/sodni-prevodi\/#primaryimage\",\"url\":\"http:\/\/yugotranslate.si\/wp-content\/uploads\/2015\/08\/000000000000000.jpg\",\"contentUrl\":\"http:\/\/yugotranslate.si\/wp-content\/uploads\/2015\/08\/000000000000000.jpg\"},{\"@type\":\"BreadcrumbList\",\"@id\":\"https:\/\/yugotranslate.si\/sodni-prevodi\/#breadcrumb\",\"itemListElement\":[{\"@type\":\"ListItem\",\"position\":1,\"name\":\"Home\",\"item\":\"https:\/\/yugotranslate.si\/\"},{\"@type\":\"ListItem\",\"position\":2,\"name\":\"Certified translations\"}]},{\"@type\":\"WebSite\",\"@id\":\"https:\/\/yugotranslate.si\/#website\",\"url\":\"https:\/\/yugotranslate.si\/\",\"name\":\"Zavod YugoTranslate\",\"description\":\"Hitri in kakovostni prevodi po razumnih cenah v vseh evorpskih in svetovnih jezikih\",\"potentialAction\":[{\"@type\":\"SearchAction\",\"target\":{\"@type\":\"EntryPoint\",\"urlTemplate\":\"https:\/\/yugotranslate.si\/?s={search_term_string}\"},\"query-input\":{\"@type\":\"PropertyValueSpecification\",\"valueRequired\":true,\"valueName\":\"search_term_string\"}}],\"inLanguage\":\"hr-HR\"}]}<\/script>\n<!-- \/ Yoast SEO plugin. -->","yoast_head_json":{"title":"Sodni prevodi in sodni tolma\u010di - Zavod YugoTranslate","robots":{"index":"index","follow":"follow","max-snippet":"max-snippet:-1","max-image-preview":"max-image-preview:large","max-video-preview":"max-video-preview:-1"},"canonical":"https:\/\/yugotranslate.si\/sodni-prevodi\/","og_locale":"hr_HR","og_type":"article","og_title":"- Zavod YugoTranslate","og_url":"https:\/\/yugotranslate.si\/sodni-prevodi\/","og_site_name":"Zavod YugoTranslate","article_modified_time":"2023-06-28T15:16:48+00:00","og_image":[{"url":"http:\/\/yugotranslate.si\/wp-content\/uploads\/2015\/08\/000000000000000.jpg","type":"","width":"","height":""}],"twitter_card":"summary_large_image","twitter_misc":{"Est. reading time":"4 minutes"},"schema":{"@context":"https:\/\/schema.org","@graph":[{"@type":"WebPage","@id":"https:\/\/yugotranslate.si\/sodni-prevodi\/","url":"https:\/\/yugotranslate.si\/sodni-prevodi\/","name":"Sodni prevodi in sodni tolma\u010di - Zavod YugoTranslate","isPartOf":{"@id":"https:\/\/yugotranslate.si\/#website"},"primaryImageOfPage":{"@id":"https:\/\/yugotranslate.si\/sodni-prevodi\/#primaryimage"},"image":{"@id":"https:\/\/yugotranslate.si\/sodni-prevodi\/#primaryimage"},"thumbnailUrl":"http:\/\/yugotranslate.si\/wp-content\/uploads\/2015\/08\/000000000000000.jpg","datePublished":"2015-08-26T11:09:00+00:00","dateModified":"2023-06-28T15:16:48+00:00","description":"Hitri in cenovno ugodni sodni prevodi! Zanesljivi sodni tolma\u010di za ve\u010d kot 30 jezikov. Zagotavljamo hitre prevode v Ljubljani in Mariboru ali po po\u0161ti.","breadcrumb":{"@id":"https:\/\/yugotranslate.si\/sodni-prevodi\/#breadcrumb"},"inLanguage":"hr-HR","potentialAction":[{"@type":"ReadAction","target":["https:\/\/yugotranslate.si\/sodni-prevodi\/"]}]},{"@type":"ImageObject","inLanguage":"hr-HR","@id":"https:\/\/yugotranslate.si\/sodni-prevodi\/#primaryimage","url":"http:\/\/yugotranslate.si\/wp-content\/uploads\/2015\/08\/000000000000000.jpg","contentUrl":"http:\/\/yugotranslate.si\/wp-content\/uploads\/2015\/08\/000000000000000.jpg"},{"@type":"BreadcrumbList","@id":"https:\/\/yugotranslate.si\/sodni-prevodi\/#breadcrumb","itemListElement":[{"@type":"ListItem","position":1,"name":"Home","item":"https:\/\/yugotranslate.si\/"},{"@type":"ListItem","position":2,"name":"Certified translations"}]},{"@type":"WebSite","@id":"https:\/\/yugotranslate.si\/#website","url":"https:\/\/yugotranslate.si\/","name":"Zavod YugoTranslate","description":"Hitri in kakovostni prevodi po razumnih cenah v vseh evorpskih in svetovnih jezikih","potentialAction":[{"@type":"SearchAction","target":{"@type":"EntryPoint","urlTemplate":"https:\/\/yugotranslate.si\/?s={search_term_string}"},"query-input":{"@type":"PropertyValueSpecification","valueRequired":true,"valueName":"search_term_string"}}],"inLanguage":"hr-HR"}]}},"_links":{"self":[{"href":"https:\/\/yugotranslate.si\/yu\/wp-json\/wp\/v2\/pages\/55","targetHints":{"allow":["GET"]}}],"collection":[{"href":"https:\/\/yugotranslate.si\/yu\/wp-json\/wp\/v2\/pages"}],"about":[{"href":"https:\/\/yugotranslate.si\/yu\/wp-json\/wp\/v2\/types\/page"}],"author":[{"embeddable":true,"href":"https:\/\/yugotranslate.si\/yu\/wp-json\/wp\/v2\/users\/2"}],"replies":[{"embeddable":true,"href":"https:\/\/yugotranslate.si\/yu\/wp-json\/wp\/v2\/comments?post=55"}],"version-history":[{"count":137,"href":"https:\/\/yugotranslate.si\/yu\/wp-json\/wp\/v2\/pages\/55\/revisions"}],"predecessor-version":[{"id":2546,"href":"https:\/\/yugotranslate.si\/yu\/wp-json\/wp\/v2\/pages\/55\/revisions\/2546"}],"wp:attachment":[{"href":"https:\/\/yugotranslate.si\/yu\/wp-json\/wp\/v2\/media?parent=55"}],"curies":[{"name":"wp","href":"https:\/\/api.w.org\/{rel}","templated":true}]}}