{"id":68,"date":"2015-08-26T11:34:22","date_gmt":"2015-08-26T11:34:22","guid":{"rendered":"http:\/\/jugotranslate.si\/?page_id=68"},"modified":"2022-01-09T18:19:59","modified_gmt":"2022-01-09T18:19:59","slug":"kontakt","status":"publish","type":"page","link":"https:\/\/yugotranslate.si\/yu\/kontakt\/","title":{"rendered":"Kontakt"},"content":{"rendered":"<p><strong>Zavod YugoTranslate<\/strong><br \/>\n<strong>Tr\u017ea\u0161ka cesta 2<\/strong>, SI-1000 Ljubljana<\/p>\n<p><strong>info@yugotranslate.si<\/strong><\/p>\n<p><strong>mob<\/strong>: 040 615 503 (non-stop)<br \/>\n<strong>tel<\/strong>:\u00a0\u00a0 01 620 77 33 (9-15h)<br \/>\n<strong>fax<\/strong>:\u00a0\u00a0 01 620 77 34<\/p>\n<p><strong>Urnik pisarne: 09-15h <\/strong><br \/>\nTr\u017ea\u0161ka cesta 2, velika poslovna stavba v Toba\u010dni pri Upravni enoti Ljubljana \u2013 1. nadstropje levo in ste \u017ee pred vratih Zavoda YugoTranslate. <strong>Izven delovnega \u010dasa lahko pustite ali prevzamete dokumente na recepciji.<\/strong><\/p>\n<p><strong>Dav\u010dna \u0161tevilka<\/strong>: SI49375261<br \/>\n<strong>Mati\u010dna \u0161tevilka<\/strong>: 691150100<br \/>\n<strong>TRR<\/strong>: SI56 0201 5026 1636 075<\/p>\n<p><strong>KAKO DO NAS?<\/strong><\/p>\n<p><iframe loading=\"lazy\" style=\"border: 0;\" src=\"https:\/\/www.google.com\/maps\/embed?pb=!1m18!1m12!1m3!1d37259.63069567335!2d14.491966053672744!3d46.04434364858948!2m3!1f0!2f0!3f0!3m2!1i1024!2i768!4f13.1!3m3!1m2!1s0x47652d5d13cc925d%3A0x772ceadf9c4c943c!2sTr%C5%BEa%C5%A1ka+cesta+2%2C+1000+Ljubljana!5e0!3m2!1sen!2ssi!4v1443018947443\" width=\"100%\" height=\"470\" frameborder=\"0\" allowfullscreen=\"allowfullscreen\"><\/iframe><\/p>\n<p><strong>Najdete nas v neposredni bli\u017eini Upravne enote, v poslovni stavbi Toba\u010dne na Tr\u017ea\u0161ki 2:<\/strong><\/p>\n<p><a href=\"http:\/\/yugotranslate.si\/wp-content\/uploads\/2015\/08\/mapa.jpg\"><img loading=\"lazy\" decoding=\"async\" class=\"alignnone wp-image-778\" src=\"http:\/\/yugotranslate.si\/wp-content\/uploads\/2015\/08\/mapa.jpg\" alt=\"mapa\" width=\"684\" height=\"412\" srcset=\"https:\/\/yugotranslate.si\/wp-content\/uploads\/2015\/08\/mapa.jpg 875w, https:\/\/yugotranslate.si\/wp-content\/uploads\/2015\/08\/mapa-300x181.jpg 300w, https:\/\/yugotranslate.si\/wp-content\/uploads\/2015\/08\/mapa-100x60.jpg 100w, https:\/\/yugotranslate.si\/wp-content\/uploads\/2015\/08\/mapa-150x90.jpg 150w, https:\/\/yugotranslate.si\/wp-content\/uploads\/2015\/08\/mapa-200x120.jpg 200w, https:\/\/yugotranslate.si\/wp-content\/uploads\/2015\/08\/mapa-450x271.jpg 450w, https:\/\/yugotranslate.si\/wp-content\/uploads\/2015\/08\/mapa-600x361.jpg 600w\" sizes=\"auto, (max-width: 684px) 100vw, 684px\" \/><\/a><\/p>\n<p><strong>Pogled na stavbo Toba\u010dne s Tr\u017ea\u0161ke ceste in okno na\u0161e pisarne v 1. nadstropju:<\/strong><\/p>\n<p><a href=\"http:\/\/yugotranslate.si\/wp-content\/uploads\/2015\/08\/trzaska_2_YUGO.jpg\"><img loading=\"lazy\" decoding=\"async\" class=\"alignnone size-full wp-image-578\" src=\"http:\/\/yugotranslate.si\/wp-content\/uploads\/2015\/08\/trzaska_2_YUGO.jpg\" alt=\"trzaska_2_YUGO\" width=\"687\" height=\"433\" srcset=\"https:\/\/yugotranslate.si\/wp-content\/uploads\/2015\/08\/trzaska_2_YUGO.jpg 687w, https:\/\/yugotranslate.si\/wp-content\/uploads\/2015\/08\/trzaska_2_YUGO-300x189.jpg 300w, https:\/\/yugotranslate.si\/wp-content\/uploads\/2015\/08\/trzaska_2_YUGO-100x63.jpg 100w, https:\/\/yugotranslate.si\/wp-content\/uploads\/2015\/08\/trzaska_2_YUGO-150x95.jpg 150w, https:\/\/yugotranslate.si\/wp-content\/uploads\/2015\/08\/trzaska_2_YUGO-200x126.jpg 200w, https:\/\/yugotranslate.si\/wp-content\/uploads\/2015\/08\/trzaska_2_YUGO-450x284.jpg 450w, https:\/\/yugotranslate.si\/wp-content\/uploads\/2015\/08\/trzaska_2_YUGO-600x378.jpg 600w\" sizes=\"auto, (max-width: 687px) 100vw, 687px\" \/><\/a><\/p>\n<p><strong>Mo\u017enost parkiranja na Ora\u017enovi ulici<\/strong><br \/>\n(tudi pred glavnim vhodom, \u010de imate radi igre na sre\u010do):<strong><br \/>\n<\/strong><\/p>\n<p><a href=\"http:\/\/yugotranslate.si\/wp-content\/uploads\/2015\/08\/parkingyugo.jpg\"><img loading=\"lazy\" decoding=\"async\" class=\"alignnone wp-image-574\" src=\"http:\/\/yugotranslate.si\/wp-content\/uploads\/2015\/08\/parkingyugo.jpg\" alt=\"parkingyugo\" width=\"711\" height=\"445\" srcset=\"https:\/\/yugotranslate.si\/wp-content\/uploads\/2015\/08\/parkingyugo.jpg 768w, https:\/\/yugotranslate.si\/wp-content\/uploads\/2015\/08\/parkingyugo-300x188.jpg 300w, https:\/\/yugotranslate.si\/wp-content\/uploads\/2015\/08\/parkingyugo-100x63.jpg 100w, https:\/\/yugotranslate.si\/wp-content\/uploads\/2015\/08\/parkingyugo-150x94.jpg 150w, https:\/\/yugotranslate.si\/wp-content\/uploads\/2015\/08\/parkingyugo-200x125.jpg 200w, https:\/\/yugotranslate.si\/wp-content\/uploads\/2015\/08\/parkingyugo-450x282.jpg 450w, https:\/\/yugotranslate.si\/wp-content\/uploads\/2015\/08\/parkingyugo-600x376.jpg 600w\" sizes=\"auto, (max-width: 711px) 100vw, 711px\" \/><\/a><\/p>\n<p><strong>Z avtobusom<\/strong><br \/>\nDo poslovne stavbe Toba\u010dne na Tr\u017ea\u0161ki cesti 2 iz centra mesta peljeta <strong>avtobusni liniji \u0161t. 1<\/strong> (smer Mestni log) in <strong>\u0161t. 6<\/strong> (smer Dolgi most). <strong>Izstopna postaja: \u00bbToba\u010dna\u00ab<\/strong>.<\/p>\n","protected":false},"excerpt":{"rendered":"<p>Zavod YugoTranslate Tr\u017ea\u0161ka cesta 2, SI-1000 Ljubljana info@yugotranslate.si mob: 040 615 503 (non-stop) tel:\u00a0\u00a0 01 620 77 33 (9-15h) fax:\u00a0\u00a0 01 620 77 34 Urnik pisarne: 09-15h Tr\u017ea\u0161ka cesta 2, velika poslovna stavba v Toba\u010dni pri Upravni enoti Ljubljana \u2013<span class=\"ellipsis\">&hellip;<\/span><\/p>\n<div class=\"read-more\"><a href=\"https:\/\/yugotranslate.si\/yu\/kontakt\/\">Read more &#8250;<\/a><\/div>\n<p><!-- end of .read-more --><\/p>\n","protected":false},"author":2,"featured_media":0,"parent":0,"menu_order":7,"comment_status":"closed","ping_status":"closed","template":"","meta":{"_exactmetrics_skip_tracking":false,"_exactmetrics_sitenote_active":false,"_exactmetrics_sitenote_note":"","_exactmetrics_sitenote_category":0,"footnotes":""},"class_list":["post-68","page","type-page","status-publish","hentry"],"translation":{"provider":"WPGlobus","version":"3.0.2","language":"yu","enabled_languages":["sl","en","yu"],"languages":{"sl":{"title":true,"content":true,"excerpt":false},"en":{"title":true,"content":true,"excerpt":false},"yu":{"title":false,"content":false,"excerpt":false}}},"yoast_head":"<!-- This site is optimized with the Yoast SEO plugin v27.0 - https:\/\/yoast.com\/product\/yoast-seo-wordpress\/ -->\n<title>- Zavod YugoTranslate<\/title>\n<meta name=\"robots\" content=\"index, follow, max-snippet:-1, max-image-preview:large, max-video-preview:-1\" \/>\n<link rel=\"canonical\" href=\"https:\/\/yugotranslate.si\/kontakt\/\" \/>\n<meta property=\"og:locale\" content=\"hr_HR\" \/>\n<meta property=\"og:type\" content=\"article\" \/>\n<meta property=\"og:title\" content=\"- Zavod YugoTranslate\" \/>\n<meta property=\"og:url\" content=\"https:\/\/yugotranslate.si\/kontakt\/\" \/>\n<meta property=\"og:site_name\" content=\"Zavod YugoTranslate\" \/>\n<meta property=\"article:modified_time\" content=\"2022-01-09T18:19:59+00:00\" \/>\n<meta property=\"og:image\" content=\"http:\/\/yugotranslate.si\/wp-content\/uploads\/2015\/08\/mapa.jpg\" \/>\n<meta name=\"twitter:card\" content=\"summary_large_image\" \/>\n<meta name=\"twitter:label1\" content=\"Est. reading time\" \/>\n\t<meta name=\"twitter:data1\" content=\"2 minutes\" \/>\n<script type=\"application\/ld+json\" class=\"yoast-schema-graph\">{\"@context\":\"https:\/\/schema.org\",\"@graph\":[{\"@type\":\"WebPage\",\"@id\":\"https:\/\/yugotranslate.si\/kontakt\/\",\"url\":\"https:\/\/yugotranslate.si\/kontakt\/\",\"name\":\"- Zavod YugoTranslate\",\"isPartOf\":{\"@id\":\"https:\/\/yugotranslate.si\/#website\"},\"primaryImageOfPage\":{\"@id\":\"https:\/\/yugotranslate.si\/kontakt\/#primaryimage\"},\"image\":{\"@id\":\"https:\/\/yugotranslate.si\/kontakt\/#primaryimage\"},\"thumbnailUrl\":\"http:\/\/yugotranslate.si\/wp-content\/uploads\/2015\/08\/mapa.jpg\",\"datePublished\":\"2015-08-26T11:34:22+00:00\",\"dateModified\":\"2022-01-09T18:19:59+00:00\",\"breadcrumb\":{\"@id\":\"https:\/\/yugotranslate.si\/kontakt\/#breadcrumb\"},\"inLanguage\":\"hr-HR\",\"potentialAction\":[{\"@type\":\"ReadAction\",\"target\":[\"https:\/\/yugotranslate.si\/kontakt\/\"]}]},{\"@type\":\"ImageObject\",\"inLanguage\":\"hr-HR\",\"@id\":\"https:\/\/yugotranslate.si\/kontakt\/#primaryimage\",\"url\":\"http:\/\/yugotranslate.si\/wp-content\/uploads\/2015\/08\/mapa.jpg\",\"contentUrl\":\"http:\/\/yugotranslate.si\/wp-content\/uploads\/2015\/08\/mapa.jpg\"},{\"@type\":\"BreadcrumbList\",\"@id\":\"https:\/\/yugotranslate.si\/kontakt\/#breadcrumb\",\"itemListElement\":[{\"@type\":\"ListItem\",\"position\":1,\"name\":\"Home\",\"item\":\"https:\/\/yugotranslate.si\/\"},{\"@type\":\"ListItem\",\"position\":2,\"name\":\"Kontakt\"}]},{\"@type\":\"WebSite\",\"@id\":\"https:\/\/yugotranslate.si\/#website\",\"url\":\"https:\/\/yugotranslate.si\/\",\"name\":\"Zavod YugoTranslate\",\"description\":\"Hitri in kakovostni prevodi po razumnih cenah v vseh evorpskih in svetovnih jezikih\",\"potentialAction\":[{\"@type\":\"SearchAction\",\"target\":{\"@type\":\"EntryPoint\",\"urlTemplate\":\"https:\/\/yugotranslate.si\/?s={search_term_string}\"},\"query-input\":{\"@type\":\"PropertyValueSpecification\",\"valueRequired\":true,\"valueName\":\"search_term_string\"}}],\"inLanguage\":\"hr-HR\"}]}<\/script>\n<!-- \/ Yoast SEO plugin. -->","yoast_head_json":{"title":"- Zavod YugoTranslate","robots":{"index":"index","follow":"follow","max-snippet":"max-snippet:-1","max-image-preview":"max-image-preview:large","max-video-preview":"max-video-preview:-1"},"canonical":"https:\/\/yugotranslate.si\/kontakt\/","og_locale":"hr_HR","og_type":"article","og_title":"- Zavod YugoTranslate","og_url":"https:\/\/yugotranslate.si\/kontakt\/","og_site_name":"Zavod YugoTranslate","article_modified_time":"2022-01-09T18:19:59+00:00","og_image":[{"url":"http:\/\/yugotranslate.si\/wp-content\/uploads\/2015\/08\/mapa.jpg","type":"","width":"","height":""}],"twitter_card":"summary_large_image","twitter_misc":{"Est. reading time":"2 minutes"},"schema":{"@context":"https:\/\/schema.org","@graph":[{"@type":"WebPage","@id":"https:\/\/yugotranslate.si\/kontakt\/","url":"https:\/\/yugotranslate.si\/kontakt\/","name":"- Zavod YugoTranslate","isPartOf":{"@id":"https:\/\/yugotranslate.si\/#website"},"primaryImageOfPage":{"@id":"https:\/\/yugotranslate.si\/kontakt\/#primaryimage"},"image":{"@id":"https:\/\/yugotranslate.si\/kontakt\/#primaryimage"},"thumbnailUrl":"http:\/\/yugotranslate.si\/wp-content\/uploads\/2015\/08\/mapa.jpg","datePublished":"2015-08-26T11:34:22+00:00","dateModified":"2022-01-09T18:19:59+00:00","breadcrumb":{"@id":"https:\/\/yugotranslate.si\/kontakt\/#breadcrumb"},"inLanguage":"hr-HR","potentialAction":[{"@type":"ReadAction","target":["https:\/\/yugotranslate.si\/kontakt\/"]}]},{"@type":"ImageObject","inLanguage":"hr-HR","@id":"https:\/\/yugotranslate.si\/kontakt\/#primaryimage","url":"http:\/\/yugotranslate.si\/wp-content\/uploads\/2015\/08\/mapa.jpg","contentUrl":"http:\/\/yugotranslate.si\/wp-content\/uploads\/2015\/08\/mapa.jpg"},{"@type":"BreadcrumbList","@id":"https:\/\/yugotranslate.si\/kontakt\/#breadcrumb","itemListElement":[{"@type":"ListItem","position":1,"name":"Home","item":"https:\/\/yugotranslate.si\/"},{"@type":"ListItem","position":2,"name":"Kontakt"}]},{"@type":"WebSite","@id":"https:\/\/yugotranslate.si\/#website","url":"https:\/\/yugotranslate.si\/","name":"Zavod YugoTranslate","description":"Hitri in kakovostni prevodi po razumnih cenah v vseh evorpskih in svetovnih jezikih","potentialAction":[{"@type":"SearchAction","target":{"@type":"EntryPoint","urlTemplate":"https:\/\/yugotranslate.si\/?s={search_term_string}"},"query-input":{"@type":"PropertyValueSpecification","valueRequired":true,"valueName":"search_term_string"}}],"inLanguage":"hr-HR"}]}},"_links":{"self":[{"href":"https:\/\/yugotranslate.si\/yu\/wp-json\/wp\/v2\/pages\/68","targetHints":{"allow":["GET"]}}],"collection":[{"href":"https:\/\/yugotranslate.si\/yu\/wp-json\/wp\/v2\/pages"}],"about":[{"href":"https:\/\/yugotranslate.si\/yu\/wp-json\/wp\/v2\/types\/page"}],"author":[{"embeddable":true,"href":"https:\/\/yugotranslate.si\/yu\/wp-json\/wp\/v2\/users\/2"}],"replies":[{"embeddable":true,"href":"https:\/\/yugotranslate.si\/yu\/wp-json\/wp\/v2\/comments?post=68"}],"version-history":[{"count":51,"href":"https:\/\/yugotranslate.si\/yu\/wp-json\/wp\/v2\/pages\/68\/revisions"}],"predecessor-version":[{"id":2522,"href":"https:\/\/yugotranslate.si\/yu\/wp-json\/wp\/v2\/pages\/68\/revisions\/2522"}],"wp:attachment":[{"href":"https:\/\/yugotranslate.si\/yu\/wp-json\/wp\/v2\/media?parent=68"}],"curies":[{"name":"wp","href":"https:\/\/api.w.org\/{rel}","templated":true}]}}